{"id":418,"date":"2020-04-10T16:38:54","date_gmt":"2020-04-10T14:38:54","guid":{"rendered":"https:\/\/forfait.megeve.com\/megevehiver\/?page_id=418"},"modified":"2025-12-08T09:57:14","modified_gmt":"2025-12-08T08:57:14","slug":"mentions-legales","status":"publish","type":"page","link":"https:\/\/forfait.megeve.com\/hiver\/mentions-legales\/","title":{"rendered":"Mentions l\u00e9gales"},"content":{"rendered":"\t\t<div data-elementor-type=\"wp-page\" data-elementor-id=\"418\" class=\"elementor elementor-418\" data-elementor-post-type=\"page\">\n\t\t\t\t\t\t<section data-particle_enable=\"false\" data-particle-mobile-disabled=\"false\" class=\"elementor-section elementor-top-section elementor-element elementor-element-0bddbba elementor-section-content-bottom elementor-section-boxed elementor-section-height-default elementor-section-height-default\" data-id=\"0bddbba\" data-element_type=\"section\">\n\t\t\t\t\t\t<div class=\"elementor-container elementor-column-gap-default\">\n\t\t\t\t\t<div class=\"elementor-column elementor-col-100 elementor-top-column elementor-element elementor-element-65eb87a\" data-id=\"65eb87a\" data-element_type=\"column\">\n\t\t\t<div class=\"elementor-widget-wrap elementor-element-populated\">\n\t\t\t\t\t\t<div class=\"elementor-element elementor-element-f926ad2 elementor-widget elementor-widget-spacer\" data-id=\"f926ad2\" data-element_type=\"widget\" data-widget_type=\"spacer.default\">\n\t\t\t\t<div class=\"elementor-widget-container\">\n\t\t\t\t\t\t\t<div class=\"elementor-spacer\">\n\t\t\t<div class=\"elementor-spacer-inner\"><\/div>\n\t\t<\/div>\n\t\t\t\t\t\t<\/div>\n\t\t\t\t<\/div>\n\t\t\t\t<div class=\"elementor-element elementor-element-cc71d4a elementor-widget elementor-widget-breadcrumbs\" data-id=\"cc71d4a\" data-element_type=\"widget\" data-widget_type=\"breadcrumbs.default\">\n\t\t\t\t<div class=\"elementor-widget-container\">\n\t\t\t\t\t<p id=\"breadcrumbs\"><span><span><a href=\"https:\/\/forfait.megeve.com\/hiver\/\">Accueil<\/a><\/span><\/span><\/p>\t\t\t\t<\/div>\n\t\t\t\t<\/div>\n\t\t\t\t<div class=\"elementor-element elementor-element-27f0ca2 elementor-widget elementor-widget-heading\" data-id=\"27f0ca2\" data-element_type=\"widget\" data-widget_type=\"heading.default\">\n\t\t\t\t<div class=\"elementor-widget-container\">\n\t\t\t\t\t<h1 class=\"elementor-heading-title elementor-size-default\"><span class=\"weightNormal\">Mentions<\/span> \n l\u00e9gales<\/h1>\t\t\t\t<\/div>\n\t\t\t\t<\/div>\n\t\t\t\t<div class=\"elementor-element elementor-element-01b8211 elementor-widget elementor-widget-spacer\" data-id=\"01b8211\" data-element_type=\"widget\" data-widget_type=\"spacer.default\">\n\t\t\t\t<div class=\"elementor-widget-container\">\n\t\t\t\t\t\t\t<div class=\"elementor-spacer\">\n\t\t\t<div class=\"elementor-spacer-inner\"><\/div>\n\t\t<\/div>\n\t\t\t\t\t\t<\/div>\n\t\t\t\t<\/div>\n\t\t\t\t<div class=\"elementor-element elementor-element-37889e7 elementor-widget elementor-widget-heading\" data-id=\"37889e7\" data-element_type=\"widget\" data-widget_type=\"heading.default\">\n\t\t\t\t<div class=\"elementor-widget-container\">\n\t\t\t\t\t<h2 class=\"elementor-heading-title elementor-size-default\">Responsable du site<\/h2>\t\t\t\t<\/div>\n\t\t\t\t<\/div>\n\t\t\t\t<div class=\"elementor-element elementor-element-31abf68 elementor-widget elementor-widget-text-editor\" data-id=\"31abf68\" data-element_type=\"widget\" data-widget_type=\"text-editor.default\">\n\t\t\t\t<div class=\"elementor-widget-container\">\n\t\t\t\t\t\t\t\t\t<p>Responsable de Publication : SA REMONTEES MECANIQUES DE MEGEVE<\/p><p>Cr\u00e9ation et d\u00e9veloppement : ALPILINK<\/p><p>Pour toute demande, adressez-vous \u00e0 : <a href=\"mailto:contact@ski.megeve.com\">contact@ski.megeve.com<\/a><\/p><p>\u00a0<\/p><p>Responsable de traitement : SA remont\u00e9es m\u00e9caniques de Meg\u00e8ve, 220 route du t\u00e9l\u00e9ph\u00e9rique, 74120 MEGEVE FRANCE \u2013 Capital social 4 670 138 euros \u2013 Email de contact contact@ski.megeve.com \u2013 T\u00e9l\u00e9phone : +33 (0)4 50 21 38 39 \u2013 TVA : FR 23 605 720 804<\/p><p>\u00a0<\/p><p>H\u00e9bergeur : ALPILINK, 2 rue de la viscose \u2013 38130 Echirolles \u2013 info@alpi.link \u00a0+33 (0)4 76 33 91 31<\/p>\t\t\t\t\t\t\t\t<\/div>\n\t\t\t\t<\/div>\n\t\t\t\t<div class=\"elementor-element elementor-element-5a1f923 elementor-widget elementor-widget-heading\" data-id=\"5a1f923\" data-element_type=\"widget\" data-widget_type=\"heading.default\">\n\t\t\t\t<div class=\"elementor-widget-container\">\n\t\t\t\t\t<h2 class=\"elementor-heading-title elementor-size-default\">Droit de propri\u00e9t\u00e9<\/h2>\t\t\t\t<\/div>\n\t\t\t\t<\/div>\n\t\t\t\t<div class=\"elementor-element elementor-element-03e21e5 elementor-widget elementor-widget-text-editor\" data-id=\"03e21e5\" data-element_type=\"widget\" data-widget_type=\"text-editor.default\">\n\t\t\t\t<div class=\"elementor-widget-container\">\n\t\t\t\t\t\t\t\t\t<p>Tous les textes, photos et illustrations pr\u00e9sents sur ce site sont la propri\u00e9t\u00e9 de la SA REMONTEES MECANIQUES DE MEGEVE et\/ou de ses partenaires contractuels. Toute repr\u00e9sentation ou reproduction int\u00e9grale ou partielle faite sans le consentement du propri\u00e9taire est illicite. Si vous souhaitez reproduire des photos ou documents contenus dans ce site, vous devez avant toute diffusion obtenir l\u2019autorisation \u00e9crite pr\u00e9alable de la SA REMONTEES MECANIQUES DE MEGEVE en adressant une demande \u00e9crite par e-mail \u00e0 <a href=\"mailto:contact@ski.megeve.com\">contact@ski.megeve.com<\/a>.<\/p>\t\t\t\t\t\t\t\t<\/div>\n\t\t\t\t<\/div>\n\t\t\t\t<div class=\"elementor-element elementor-element-24ee58f elementor-widget elementor-widget-heading\" data-id=\"24ee58f\" data-element_type=\"widget\" data-widget_type=\"heading.default\">\n\t\t\t\t<div class=\"elementor-widget-container\">\n\t\t\t\t\t<h2 class=\"elementor-heading-title elementor-size-default\">Cookies<\/h2>\t\t\t\t<\/div>\n\t\t\t\t<\/div>\n\t\t\t\t<div class=\"elementor-element elementor-element-d36c767 elementor-widget elementor-widget-text-editor\" data-id=\"d36c767\" data-element_type=\"widget\" data-widget_type=\"text-editor.default\">\n\t\t\t\t<div class=\"elementor-widget-container\">\n\t\t\t\t\t\t\t\t\t<p>Lors de la navigation dans certains endroits du site, des cookies peuvent \u00eatre import\u00e9s sur votre ordinateur. Ceux-ci ne permettent pas de vous identifier, mais ils enregistrent des informations relatives \u00e0 la navigation que le programme pourra lire lors de vos visites ult\u00e9rieures. Vous pouvez vous opposer \u00e0 l\u2019enregistrement de cookies en configurant votre navigateur internet. Dans Internet Explorer, dans le menu Outils, cliquez sur Options Internet. Sous l\u2019onglet Confidentialit\u00e9, d\u00e9placez le curseur vers le haut pour augmenter le niveau de confidentialit\u00e9. Dans Netscape, Mozilla et Firebird : bloquer les cookies dans les options.<\/p>\t\t\t\t\t\t\t\t<\/div>\n\t\t\t\t<\/div>\n\t\t\t\t<div class=\"elementor-element elementor-element-348ae42 elementor-widget elementor-widget-heading\" data-id=\"348ae42\" data-element_type=\"widget\" data-widget_type=\"heading.default\">\n\t\t\t\t<div class=\"elementor-widget-container\">\n\t\t\t\t\t<h2 class=\"elementor-heading-title elementor-size-default\">Cr\u00e9dits<\/h2>\t\t\t\t<\/div>\n\t\t\t\t<\/div>\n\t\t\t\t<div class=\"elementor-element elementor-element-73c39cf elementor-widget elementor-widget-text-editor\" data-id=\"73c39cf\" data-element_type=\"widget\" data-widget_type=\"text-editor.default\">\n\t\t\t\t<div class=\"elementor-widget-container\">\n\t\t\t\t\t\t\t\t\t<p>Les contenus int\u00e9gr\u00e9s dans ce site reste la propri\u00e9t\u00e9 intellectuelle de leurs auteurs respectifs :<\/p><p>* Cr\u00e9dits photos : Meg\u00e8ve Tourisme \/ D.Durand \/ JP. Noisillier \/ SRMM \/SPORTSDECO<\/p>\t\t\t\t\t\t\t\t<\/div>\n\t\t\t\t<\/div>\n\t\t\t\t<div class=\"elementor-element elementor-element-db9f199 elementor-widget elementor-widget-heading\" data-id=\"db9f199\" data-element_type=\"widget\" data-widget_type=\"heading.default\">\n\t\t\t\t<div class=\"elementor-widget-container\">\n\t\t\t\t\t<h2 class=\"elementor-heading-title elementor-size-default\">BLOG SKI<\/h2>\t\t\t\t<\/div>\n\t\t\t\t<\/div>\n\t\t\t\t<div class=\"elementor-element elementor-element-bc14998 elementor-widget elementor-widget-text-editor\" data-id=\"bc14998\" data-element_type=\"widget\" data-widget_type=\"text-editor.default\">\n\t\t\t\t<div class=\"elementor-widget-container\">\n\t\t\t\t\t\t\t\t\t<p>Les contenus des blogs suivants sont de la responsabilit\u00e9 du Domaine Skiable de Meg\u00e8ve:<\/p><p>\u00a0<\/p><p><a href=\"http:\/\/ski-skipass.fr\/\">http:\/\/ski-skipass.fr\/<\/a><\/p>\t\t\t\t\t\t\t\t<\/div>\n\t\t\t\t<\/div>\n\t\t\t\t\t<\/div>\n\t\t<\/div>\n\t\t\t\t\t<\/div>\n\t\t<\/section>\n\t\t\t\t<\/div>\n\t\t","protected":false},"excerpt":{"rendered":"<p>Mentions l\u00e9gales Responsable du site Responsable de Publication : SA REMONTEES MECANIQUES DE MEGEVE Cr\u00e9ation et d\u00e9veloppement : ALPILINK Pour toute demande, adressez-vous \u00e0 : contact@ski.megeve.com \u00a0 Responsable de traitement [&hellip;]<\/p>\n","protected":false},"author":3,"featured_media":0,"parent":0,"menu_order":0,"comment_status":"closed","ping_status":"closed","template":"","meta":{"footnotes":""},"class_list":["post-418","page","type-page","status-publish","hentry"],"yoast_head":"<!-- This site is optimized with the Yoast SEO plugin v25.2 - https:\/\/yoast.com\/wordpress\/plugins\/seo\/ -->\n<title>Mentions l\u00e9gales &#8211; Megeve hiver<\/title>\n<meta name=\"robots\" content=\"noindex, follow\" \/>\n<meta property=\"og:locale\" content=\"fr_FR\" \/>\n<meta property=\"og:type\" content=\"article\" \/>\n<meta property=\"og:title\" content=\"Mentions l\u00e9gales &#8211; Megeve hiver\" \/>\n<meta property=\"og:description\" content=\"Mentions l\u00e9gales Responsable du site Responsable de Publication : SA REMONTEES MECANIQUES DE MEGEVE Cr\u00e9ation et d\u00e9veloppement : ALPILINK Pour toute demande, adressez-vous \u00e0 : contact@ski.megeve.com \u00a0 Responsable de traitement [&hellip;]\" \/>\n<meta property=\"og:url\" content=\"https:\/\/forfait.megeve.com\/hiver\/mentions-legales\/\" \/>\n<meta property=\"og:site_name\" content=\"Megeve hiver\" \/>\n<meta property=\"article:publisher\" content=\"https:\/\/fr-fr.facebook.com\/megeve\/\" \/>\n<meta property=\"article:modified_time\" content=\"2025-12-08T08:57:14+00:00\" \/>\n<meta name=\"twitter:card\" content=\"summary_large_image\" \/>\n<meta name=\"twitter:site\" content=\"@megeve\" \/>\n<meta name=\"twitter:label1\" content=\"Dur\u00e9e de lecture estim\u00e9e\" \/>\n\t<meta name=\"twitter:data1\" content=\"2 minutes\" \/>\n<script type=\"application\/ld+json\" class=\"yoast-schema-graph\">{\"@context\":\"https:\/\/schema.org\",\"@graph\":[{\"@type\":\"WebPage\",\"@id\":\"https:\/\/forfait.megeve.com\/hiver\/mentions-legales\/\",\"url\":\"https:\/\/forfait.megeve.com\/hiver\/mentions-legales\/\",\"name\":\"Mentions l\u00e9gales &#8211; Megeve hiver\",\"isPartOf\":{\"@id\":\"https:\/\/forfait.megeve.com\/hiver\/#website\"},\"datePublished\":\"2020-04-10T14:38:54+00:00\",\"dateModified\":\"2025-12-08T08:57:14+00:00\",\"breadcrumb\":{\"@id\":\"https:\/\/forfait.megeve.com\/hiver\/mentions-legales\/#breadcrumb\"},\"inLanguage\":\"fr-FR\",\"potentialAction\":[{\"@type\":\"ReadAction\",\"target\":[\"https:\/\/forfait.megeve.com\/hiver\/mentions-legales\/\"]}]},{\"@type\":\"BreadcrumbList\",\"@id\":\"https:\/\/forfait.megeve.com\/hiver\/mentions-legales\/#breadcrumb\",\"itemListElement\":[{\"@type\":\"ListItem\",\"position\":1,\"name\":\"Accueil\",\"item\":\"https:\/\/forfait.megeve.com\/hiver\/\"},{\"@type\":\"ListItem\",\"position\":2,\"name\":\"Mentions l\u00e9gales\"}]},{\"@type\":\"WebSite\",\"@id\":\"https:\/\/forfait.megeve.com\/hiver\/#website\",\"url\":\"https:\/\/forfait.megeve.com\/hiver\/\",\"name\":\"Meg\u00e8ve hiver\",\"description\":\"Vente en ligne des forfait Meg\u00e8ve\",\"publisher\":{\"@id\":\"https:\/\/forfait.megeve.com\/hiver\/#organization\"},\"potentialAction\":[{\"@type\":\"SearchAction\",\"target\":{\"@type\":\"EntryPoint\",\"urlTemplate\":\"https:\/\/forfait.megeve.com\/hiver\/?s={search_term_string}\"},\"query-input\":{\"@type\":\"PropertyValueSpecification\",\"valueRequired\":true,\"valueName\":\"search_term_string\"}}],\"inLanguage\":\"fr-FR\"},{\"@type\":\"Organization\",\"@id\":\"https:\/\/forfait.megeve.com\/hiver\/#organization\",\"name\":\"Meg\u00e8ve Domaine Skiable\",\"url\":\"https:\/\/forfait.megeve.com\/hiver\/\",\"logo\":{\"@type\":\"ImageObject\",\"inLanguage\":\"fr-FR\",\"@id\":\"https:\/\/forfait.megeve.com\/hiver\/#\/schema\/logo\/image\/\",\"url\":\"https:\/\/forfait.megeve.com\/hiver\/wp-content\/uploads\/sites\/7\/2020\/03\/home.png\",\"contentUrl\":\"https:\/\/forfait.megeve.com\/hiver\/wp-content\/uploads\/sites\/7\/2020\/03\/home.png\",\"width\":830,\"height\":545,\"caption\":\"Meg\u00e8ve Domaine Skiable\"},\"image\":{\"@id\":\"https:\/\/forfait.megeve.com\/hiver\/#\/schema\/logo\/image\/\"},\"sameAs\":[\"https:\/\/fr-fr.facebook.com\/megeve\/\",\"https:\/\/x.com\/megeve\",\"https:\/\/www.instagram.com\/megeve_officiel\/\",\"https:\/\/www.youtube.com\/c\/MegveTourisme74\",\"https:\/\/www.tiktok.com\/@megeve_officiel\"]}]}<\/script>\n<!-- \/ Yoast SEO plugin. -->","yoast_head_json":{"title":"Mentions l\u00e9gales &#8211; Megeve hiver","robots":{"index":"noindex","follow":"follow"},"og_locale":"fr_FR","og_type":"article","og_title":"Mentions l\u00e9gales &#8211; Megeve hiver","og_description":"Mentions l\u00e9gales Responsable du site Responsable de Publication : SA REMONTEES MECANIQUES DE MEGEVE Cr\u00e9ation et d\u00e9veloppement : ALPILINK Pour toute demande, adressez-vous \u00e0 : contact@ski.megeve.com \u00a0 Responsable de traitement [&hellip;]","og_url":"https:\/\/forfait.megeve.com\/hiver\/mentions-legales\/","og_site_name":"Megeve hiver","article_publisher":"https:\/\/fr-fr.facebook.com\/megeve\/","article_modified_time":"2025-12-08T08:57:14+00:00","twitter_card":"summary_large_image","twitter_site":"@megeve","twitter_misc":{"Dur\u00e9e de lecture estim\u00e9e":"2 minutes"},"schema":{"@context":"https:\/\/schema.org","@graph":[{"@type":"WebPage","@id":"https:\/\/forfait.megeve.com\/hiver\/mentions-legales\/","url":"https:\/\/forfait.megeve.com\/hiver\/mentions-legales\/","name":"Mentions l\u00e9gales &#8211; Megeve hiver","isPartOf":{"@id":"https:\/\/forfait.megeve.com\/hiver\/#website"},"datePublished":"2020-04-10T14:38:54+00:00","dateModified":"2025-12-08T08:57:14+00:00","breadcrumb":{"@id":"https:\/\/forfait.megeve.com\/hiver\/mentions-legales\/#breadcrumb"},"inLanguage":"fr-FR","potentialAction":[{"@type":"ReadAction","target":["https:\/\/forfait.megeve.com\/hiver\/mentions-legales\/"]}]},{"@type":"BreadcrumbList","@id":"https:\/\/forfait.megeve.com\/hiver\/mentions-legales\/#breadcrumb","itemListElement":[{"@type":"ListItem","position":1,"name":"Accueil","item":"https:\/\/forfait.megeve.com\/hiver\/"},{"@type":"ListItem","position":2,"name":"Mentions l\u00e9gales"}]},{"@type":"WebSite","@id":"https:\/\/forfait.megeve.com\/hiver\/#website","url":"https:\/\/forfait.megeve.com\/hiver\/","name":"Meg\u00e8ve hiver","description":"Vente en ligne des forfait Meg\u00e8ve","publisher":{"@id":"https:\/\/forfait.megeve.com\/hiver\/#organization"},"potentialAction":[{"@type":"SearchAction","target":{"@type":"EntryPoint","urlTemplate":"https:\/\/forfait.megeve.com\/hiver\/?s={search_term_string}"},"query-input":{"@type":"PropertyValueSpecification","valueRequired":true,"valueName":"search_term_string"}}],"inLanguage":"fr-FR"},{"@type":"Organization","@id":"https:\/\/forfait.megeve.com\/hiver\/#organization","name":"Meg\u00e8ve Domaine Skiable","url":"https:\/\/forfait.megeve.com\/hiver\/","logo":{"@type":"ImageObject","inLanguage":"fr-FR","@id":"https:\/\/forfait.megeve.com\/hiver\/#\/schema\/logo\/image\/","url":"https:\/\/forfait.megeve.com\/hiver\/wp-content\/uploads\/sites\/7\/2020\/03\/home.png","contentUrl":"https:\/\/forfait.megeve.com\/hiver\/wp-content\/uploads\/sites\/7\/2020\/03\/home.png","width":830,"height":545,"caption":"Meg\u00e8ve Domaine Skiable"},"image":{"@id":"https:\/\/forfait.megeve.com\/hiver\/#\/schema\/logo\/image\/"},"sameAs":["https:\/\/fr-fr.facebook.com\/megeve\/","https:\/\/x.com\/megeve","https:\/\/www.instagram.com\/megeve_officiel\/","https:\/\/www.youtube.com\/c\/MegveTourisme74","https:\/\/www.tiktok.com\/@megeve_officiel"]}]}},"lang":"fr","translations":{"fr":418,"en":1307},"publishpress_future_action":{"enabled":false,"date":"2026-04-23 10:57:29","action":"change-status","newStatus":"draft","terms":[],"taxonomy":"language"},"publishpress_future_workflow_manual_trigger":{"enabledWorkflows":[]},"pll_sync_post":[],"_links":{"self":[{"href":"https:\/\/forfait.megeve.com\/hiver\/wp-json\/wp\/v2\/pages\/418","targetHints":{"allow":["GET"]}}],"collection":[{"href":"https:\/\/forfait.megeve.com\/hiver\/wp-json\/wp\/v2\/pages"}],"about":[{"href":"https:\/\/forfait.megeve.com\/hiver\/wp-json\/wp\/v2\/types\/page"}],"author":[{"embeddable":true,"href":"https:\/\/forfait.megeve.com\/hiver\/wp-json\/wp\/v2\/users\/3"}],"replies":[{"embeddable":true,"href":"https:\/\/forfait.megeve.com\/hiver\/wp-json\/wp\/v2\/comments?post=418"}],"version-history":[{"count":7,"href":"https:\/\/forfait.megeve.com\/hiver\/wp-json\/wp\/v2\/pages\/418\/revisions"}],"predecessor-version":[{"id":5883,"href":"https:\/\/forfait.megeve.com\/hiver\/wp-json\/wp\/v2\/pages\/418\/revisions\/5883"}],"wp:attachment":[{"href":"https:\/\/forfait.megeve.com\/hiver\/wp-json\/wp\/v2\/media?parent=418"}],"curies":[{"name":"wp","href":"https:\/\/api.w.org\/{rel}","templated":true}]}}