{"id":3591,"date":"2022-11-08T11:35:26","date_gmt":"2022-11-08T10:35:26","guid":{"rendered":"https:\/\/forfait.megeve.com\/megevehiver\/?page_id=3591"},"modified":"2025-12-08T09:48:26","modified_gmt":"2025-12-08T08:48:26","slug":"fidelite","status":"publish","type":"page","link":"https:\/\/forfait.megeve.com\/hiver\/fidelite\/","title":{"rendered":"Fid\u00e9lit\u00e9"},"content":{"rendered":"\t\t<div data-elementor-type=\"wp-page\" data-elementor-id=\"3591\" class=\"elementor elementor-3591\" data-elementor-post-type=\"page\">\n\t\t\t\t\t\t<section data-particle_enable=\"false\" data-particle-mobile-disabled=\"false\" class=\"elementor-section elementor-top-section elementor-element elementor-element-d7da007 elementor-section-height-min-height elementor-section-items-bottom elementor-section-content-bottom elementor-section-boxed elementor-section-height-default\" data-id=\"d7da007\" data-element_type=\"section\" data-settings=\"{&quot;background_background&quot;:&quot;classic&quot;}\">\n\t\t\t\t\t\t\t<div class=\"elementor-background-overlay\"><\/div>\n\t\t\t\t\t\t\t<div class=\"elementor-container elementor-column-gap-default\">\n\t\t\t\t\t<div class=\"elementor-column elementor-col-100 elementor-top-column elementor-element elementor-element-48775de\" data-id=\"48775de\" data-element_type=\"column\">\n\t\t\t<div class=\"elementor-widget-wrap elementor-element-populated\">\n\t\t\t\t\t\t<div class=\"elementor-element elementor-element-ce2834a elementor-widget elementor-widget-spacer\" data-id=\"ce2834a\" data-element_type=\"widget\" data-widget_type=\"spacer.default\">\n\t\t\t\t<div class=\"elementor-widget-container\">\n\t\t\t\t\t\t\t<div class=\"elementor-spacer\">\n\t\t\t<div class=\"elementor-spacer-inner\"><\/div>\n\t\t<\/div>\n\t\t\t\t\t\t<\/div>\n\t\t\t\t<\/div>\n\t\t\t\t<section data-particle_enable=\"false\" data-particle-mobile-disabled=\"false\" class=\"elementor-section elementor-inner-section elementor-element elementor-element-47769f8 elementor-section-boxed elementor-section-height-default elementor-section-height-default\" data-id=\"47769f8\" data-element_type=\"section\">\n\t\t\t\t\t\t<div class=\"elementor-container elementor-column-gap-default\">\n\t\t\t\t\t<div class=\"elementor-column elementor-col-100 elementor-inner-column elementor-element elementor-element-d1a608b\" data-id=\"d1a608b\" data-element_type=\"column\">\n\t\t\t<div class=\"elementor-widget-wrap elementor-element-populated\">\n\t\t\t\t\t\t<div class=\"elementor-element elementor-element-eefd473 elementor-widget elementor-widget-heading\" data-id=\"eefd473\" data-element_type=\"widget\" data-widget_type=\"heading.default\">\n\t\t\t\t<div class=\"elementor-widget-container\">\n\t\t\t\t\t<h1 class=\"elementor-heading-title elementor-size-default\">Skiez moins cher \u00e0 Meg\u00e8ve !<\/h1>\t\t\t\t<\/div>\n\t\t\t\t<\/div>\n\t\t\t\t\t<\/div>\n\t\t<\/div>\n\t\t\t\t\t<\/div>\n\t\t<\/section>\n\t\t\t\t<div class=\"elementor-element elementor-element-f692b56 elementor-widget elementor-widget-spacer\" data-id=\"f692b56\" data-element_type=\"widget\" data-widget_type=\"spacer.default\">\n\t\t\t\t<div class=\"elementor-widget-container\">\n\t\t\t\t\t\t\t<div class=\"elementor-spacer\">\n\t\t\t<div class=\"elementor-spacer-inner\"><\/div>\n\t\t<\/div>\n\t\t\t\t\t\t<\/div>\n\t\t\t\t<\/div>\n\t\t\t\t\t<\/div>\n\t\t<\/div>\n\t\t\t\t\t<\/div>\n\t\t<\/section>\n\t\t\t\t<section data-particle_enable=\"false\" data-particle-mobile-disabled=\"false\" class=\"elementor-section elementor-top-section elementor-element elementor-element-183f0a0 elementor-section-boxed elementor-section-height-default elementor-section-height-default\" data-id=\"183f0a0\" data-element_type=\"section\">\n\t\t\t\t\t\t<div class=\"elementor-container elementor-column-gap-default\">\n\t\t\t\t\t<div class=\"elementor-column elementor-col-100 elementor-top-column elementor-element elementor-element-7ef1fea\" data-id=\"7ef1fea\" data-element_type=\"column\">\n\t\t\t<div class=\"elementor-widget-wrap elementor-element-populated\">\n\t\t\t\t\t\t<div class=\"elementor-element elementor-element-8d571da elementor-widget elementor-widget-spacer\" data-id=\"8d571da\" data-element_type=\"widget\" data-widget_type=\"spacer.default\">\n\t\t\t\t<div class=\"elementor-widget-container\">\n\t\t\t\t\t\t\t<div class=\"elementor-spacer\">\n\t\t\t<div class=\"elementor-spacer-inner\"><\/div>\n\t\t<\/div>\n\t\t\t\t\t\t<\/div>\n\t\t\t\t<\/div>\n\t\t\t\t\t<\/div>\n\t\t<\/div>\n\t\t\t\t\t<\/div>\n\t\t<\/section>\n\t\t\t\t<section data-particle_enable=\"false\" data-particle-mobile-disabled=\"false\" class=\"elementor-section elementor-top-section elementor-element elementor-element-961b81b elementor-section-boxed elementor-section-height-default elementor-section-height-default\" data-id=\"961b81b\" data-element_type=\"section\">\n\t\t\t\t\t\t<div class=\"elementor-container elementor-column-gap-wide\">\n\t\t\t\t\t<div class=\"elementor-column elementor-col-50 elementor-top-column elementor-element elementor-element-359e8ce\" data-id=\"359e8ce\" data-element_type=\"column\">\n\t\t\t<div class=\"elementor-widget-wrap elementor-element-populated\">\n\t\t\t\t\t\t<div class=\"elementor-element elementor-element-27cee27 elementor-widget elementor-widget-counter\" data-id=\"27cee27\" data-element_type=\"widget\" data-widget_type=\"counter.default\">\n\t\t\t\t<div class=\"elementor-widget-container\">\n\t\t\t\t\t\t\t<div class=\"elementor-counter\">\n\t\t\t<div class=\"elementor-counter-title\">de r\u00e9duction sur votre prochain forfait de ski !<\/div>\t\t\t<div class=\"elementor-counter-number-wrapper\">\n\t\t\t\t<span class=\"elementor-counter-number-prefix\"><\/span>\n\t\t\t\t<span class=\"elementor-counter-number\" data-duration=\"2000\" data-to-value=\"10\" data-from-value=\"0\" data-delimiter=\",\">0<\/span>\n\t\t\t\t<span class=\"elementor-counter-number-suffix\">\u20ac<\/span>\n\t\t\t<\/div>\n\t\t<\/div>\n\t\t\t\t\t\t<\/div>\n\t\t\t\t<\/div>\n\t\t\t\t<div class=\"elementor-element elementor-element-57c604c elementor-widget elementor-widget-text-editor\" data-id=\"57c604c\" data-element_type=\"widget\" data-widget_type=\"text-editor.default\">\n\t\t\t\t<div class=\"elementor-widget-container\">\n\t\t\t\t\t\t\t\t\t<p>Recevez votre coupon de r\u00e9duction d\u00e9mat\u00e9rialis\u00e9 en renseignant votre email ci-dessous :<\/p>\t\t\t\t\t\t\t\t<\/div>\n\t\t\t\t<\/div>\n\t\t\t\t\t<\/div>\n\t\t<\/div>\n\t\t\t\t<div class=\"elementor-column elementor-col-50 elementor-top-column elementor-element elementor-element-b9d8397\" data-id=\"b9d8397\" data-element_type=\"column\" data-settings=\"{&quot;background_background&quot;:&quot;classic&quot;}\">\n\t\t\t<div class=\"elementor-widget-wrap elementor-element-populated\">\n\t\t\t\t\t\t<div class=\"elementor-element elementor-element-34a2d32 fidForm elementor-widget elementor-widget-html\" data-id=\"34a2d32\" data-element_type=\"widget\" data-widget_type=\"html.default\">\n\t\t\t\t<div class=\"elementor-widget-container\">\n\t\t\t\t\t<script type=\"text\/javascript\">var loc = \"https:\/\/analytics-eu.clickdimensions.com\/jbconceptfr-a5ale\/pages\/\";<\/script>\r\n<script type=\"text\/javascript\" src=\"https:\/\/cdn-eu.clickdimensions.com\/web\/v10\/CDWidget.js\"><\/script>\r\n<div pageID=\"mr4kv9cee2vyqanoucqpg\"><\/div>\t\t\t\t<\/div>\n\t\t\t\t<\/div>\n\t\t\t\t\t<\/div>\n\t\t<\/div>\n\t\t\t\t\t<\/div>\n\t\t<\/section>\n\t\t\t\t<section data-particle_enable=\"false\" data-particle-mobile-disabled=\"false\" class=\"elementor-section elementor-top-section elementor-element elementor-element-900ef51 elementor-section-boxed elementor-section-height-default elementor-section-height-default\" data-id=\"900ef51\" data-element_type=\"section\">\n\t\t\t\t\t\t<div class=\"elementor-container elementor-column-gap-default\">\n\t\t\t\t\t<div class=\"elementor-column elementor-col-100 elementor-top-column elementor-element elementor-element-3e27a85\" data-id=\"3e27a85\" data-element_type=\"column\">\n\t\t\t<div class=\"elementor-widget-wrap elementor-element-populated\">\n\t\t\t\t\t\t<div class=\"elementor-element elementor-element-9e80c97 elementor-widget elementor-widget-spacer\" data-id=\"9e80c97\" data-element_type=\"widget\" data-widget_type=\"spacer.default\">\n\t\t\t\t<div class=\"elementor-widget-container\">\n\t\t\t\t\t\t\t<div class=\"elementor-spacer\">\n\t\t\t<div class=\"elementor-spacer-inner\"><\/div>\n\t\t<\/div>\n\t\t\t\t\t\t<\/div>\n\t\t\t\t<\/div>\n\t\t\t\t\t<\/div>\n\t\t<\/div>\n\t\t\t\t\t<\/div>\n\t\t<\/section>\n\t\t\t\t<section data-particle_enable=\"false\" data-particle-mobile-disabled=\"false\" class=\"elementor-section elementor-top-section elementor-element elementor-element-dfa4396 elementor-section-height-min-height elementor-section-boxed elementor-section-height-default elementor-section-items-middle\" data-id=\"dfa4396\" data-element_type=\"section\" data-settings=\"{&quot;background_background&quot;:&quot;classic&quot;}\">\n\t\t\t\t\t\t\t<div class=\"elementor-background-overlay\"><\/div>\n\t\t\t\t\t\t\t<div class=\"elementor-container elementor-column-gap-default\">\n\t\t\t\t\t<div class=\"elementor-column elementor-col-100 elementor-top-column elementor-element elementor-element-1008042\" data-id=\"1008042\" data-element_type=\"column\">\n\t\t\t<div class=\"elementor-widget-wrap elementor-element-populated\">\n\t\t\t\t\t\t<div class=\"elementor-element elementor-element-8d64f68 elementor-widget elementor-widget-spacer\" data-id=\"8d64f68\" data-element_type=\"widget\" data-widget_type=\"spacer.default\">\n\t\t\t\t<div class=\"elementor-widget-container\">\n\t\t\t\t\t\t\t<div class=\"elementor-spacer\">\n\t\t\t<div class=\"elementor-spacer-inner\"><\/div>\n\t\t<\/div>\n\t\t\t\t\t\t<\/div>\n\t\t\t\t<\/div>\n\t\t\t\t<div class=\"elementor-element elementor-element-a2a7b67 elementor-widget elementor-widget-heading\" data-id=\"a2a7b67\" data-element_type=\"widget\" data-widget_type=\"heading.default\">\n\t\t\t\t<div class=\"elementor-widget-container\">\n\t\t\t\t\t<h2 class=\"elementor-heading-title elementor-size-default\">Choisir Meg\u00e8ve, c'est la garantie de<\/h2>\t\t\t\t<\/div>\n\t\t\t\t<\/div>\n\t\t\t\t<section data-particle_enable=\"false\" data-particle-mobile-disabled=\"false\" class=\"elementor-section elementor-inner-section elementor-element elementor-element-984a4b6 elementor-section-boxed elementor-section-height-default elementor-section-height-default\" data-id=\"984a4b6\" data-element_type=\"section\">\n\t\t\t\t\t\t<div class=\"elementor-container elementor-column-gap-default\">\n\t\t\t\t\t<div class=\"elementor-column elementor-col-25 elementor-inner-column elementor-element elementor-element-abe62f2\" data-id=\"abe62f2\" data-element_type=\"column\">\n\t\t\t<div class=\"elementor-widget-wrap elementor-element-populated\">\n\t\t\t\t\t\t<div class=\"elementor-element elementor-element-be01c71 elementor-widget elementor-widget-counter\" data-id=\"be01c71\" data-element_type=\"widget\" data-widget_type=\"counter.default\">\n\t\t\t\t<div class=\"elementor-widget-container\">\n\t\t\t\t\t\t\t<div class=\"elementor-counter\">\n\t\t\t\t\t\t<div class=\"elementor-counter-number-wrapper\">\n\t\t\t\t<span class=\"elementor-counter-number-prefix\"><\/span>\n\t\t\t\t<span class=\"elementor-counter-number\" data-duration=\"2000\" data-to-value=\"8\" data-from-value=\"0\" data-delimiter=\",\">0<\/span>\n\t\t\t\t<span class=\"elementor-counter-number-suffix\"><\/span>\n\t\t\t<\/div>\n\t\t<\/div>\n\t\t\t\t\t\t<\/div>\n\t\t\t\t<\/div>\n\t\t\t\t<div class=\"elementor-element elementor-element-5505d68 elementor-widget elementor-widget-text-editor\" data-id=\"5505d68\" data-element_type=\"widget\" data-widget_type=\"text-editor.default\">\n\t\t\t\t<div class=\"elementor-widget-container\">\n\t\t\t\t\t\t\t\t\t<p>Sommets face<br \/>au Mont-Blanc<\/p>\t\t\t\t\t\t\t\t<\/div>\n\t\t\t\t<\/div>\n\t\t\t\t\t<\/div>\n\t\t<\/div>\n\t\t\t\t<div class=\"elementor-column elementor-col-25 elementor-inner-column elementor-element elementor-element-5f53d36\" data-id=\"5f53d36\" data-element_type=\"column\">\n\t\t\t<div class=\"elementor-widget-wrap elementor-element-populated\">\n\t\t\t\t\t\t<div class=\"elementor-element elementor-element-612d4cd elementor-widget elementor-widget-counter\" data-id=\"612d4cd\" data-element_type=\"widget\" data-widget_type=\"counter.default\">\n\t\t\t\t<div class=\"elementor-widget-container\">\n\t\t\t\t\t\t\t<div class=\"elementor-counter\">\n\t\t\t\t\t\t<div class=\"elementor-counter-number-wrapper\">\n\t\t\t\t<span class=\"elementor-counter-number-prefix\">+<\/span>\n\t\t\t\t<span class=\"elementor-counter-number\" data-duration=\"2000\" data-to-value=\"400\" data-from-value=\"0\" data-delimiter=\",\">0<\/span>\n\t\t\t\t<span class=\"elementor-counter-number-suffix\"><\/span>\n\t\t\t<\/div>\n\t\t<\/div>\n\t\t\t\t\t\t<\/div>\n\t\t\t\t<\/div>\n\t\t\t\t<div class=\"elementor-element elementor-element-26e0b43 elementor-widget elementor-widget-text-editor\" data-id=\"26e0b43\" data-element_type=\"widget\" data-widget_type=\"text-editor.default\">\n\t\t\t\t<div class=\"elementor-widget-container\">\n\t\t\t\t\t\t\t\t\t<p>Km de piste sur le domaine \u00c9vasion Mont Blanc<\/p>\t\t\t\t\t\t\t\t<\/div>\n\t\t\t\t<\/div>\n\t\t\t\t\t<\/div>\n\t\t<\/div>\n\t\t\t\t<div class=\"elementor-column elementor-col-25 elementor-inner-column elementor-element elementor-element-c6e9770\" data-id=\"c6e9770\" data-element_type=\"column\">\n\t\t\t<div class=\"elementor-widget-wrap elementor-element-populated\">\n\t\t\t\t\t\t<div class=\"elementor-element elementor-element-80a7c4c elementor-widget elementor-widget-counter\" data-id=\"80a7c4c\" data-element_type=\"widget\" data-widget_type=\"counter.default\">\n\t\t\t\t<div class=\"elementor-widget-container\">\n\t\t\t\t\t\t\t<div class=\"elementor-counter\">\n\t\t\t\t\t\t<div class=\"elementor-counter-number-wrapper\">\n\t\t\t\t<span class=\"elementor-counter-number-prefix\"><\/span>\n\t\t\t\t<span class=\"elementor-counter-number\" data-duration=\"2000\" data-to-value=\"220\" data-from-value=\"0\" data-delimiter=\",\">0<\/span>\n\t\t\t\t<span class=\"elementor-counter-number-suffix\"><\/span>\n\t\t\t<\/div>\n\t\t<\/div>\n\t\t\t\t\t\t<\/div>\n\t\t\t\t<\/div>\n\t\t\t\t<div class=\"elementor-element elementor-element-002bc28 elementor-widget elementor-widget-text-editor\" data-id=\"002bc28\" data-element_type=\"widget\" data-widget_type=\"text-editor.default\">\n\t\t\t\t<div class=\"elementor-widget-container\">\n\t\t\t\t\t\t\t\t\t<p>Pistes de ski adapt\u00e9es<br \/>\u00e0 tous les niveaux<\/p>\t\t\t\t\t\t\t\t<\/div>\n\t\t\t\t<\/div>\n\t\t\t\t\t<\/div>\n\t\t<\/div>\n\t\t\t\t<div class=\"elementor-column elementor-col-25 elementor-inner-column elementor-element elementor-element-1d92993\" data-id=\"1d92993\" data-element_type=\"column\">\n\t\t\t<div class=\"elementor-widget-wrap elementor-element-populated\">\n\t\t\t\t\t\t<div class=\"elementor-element elementor-element-2339107 elementor-widget elementor-widget-counter\" data-id=\"2339107\" data-element_type=\"widget\" data-widget_type=\"counter.default\">\n\t\t\t\t<div class=\"elementor-widget-container\">\n\t\t\t\t\t\t\t<div class=\"elementor-counter\">\n\t\t\t\t\t\t<div class=\"elementor-counter-number-wrapper\">\n\t\t\t\t<span class=\"elementor-counter-number-prefix\">+<\/span>\n\t\t\t\t<span class=\"elementor-counter-number\" data-duration=\"2000\" data-to-value=\"50\" data-from-value=\"0\" data-delimiter=\",\">0<\/span>\n\t\t\t\t<span class=\"elementor-counter-number-suffix\"><\/span>\n\t\t\t<\/div>\n\t\t<\/div>\n\t\t\t\t\t\t<\/div>\n\t\t\t\t<\/div>\n\t\t\t\t<div class=\"elementor-element elementor-element-63b5e8b elementor-widget elementor-widget-text-editor\" data-id=\"63b5e8b\" data-element_type=\"widget\" data-widget_type=\"text-editor.default\">\n\t\t\t\t<div class=\"elementor-widget-container\">\n\t\t\t\t\t\t\t\t\t<p>Restaurants<br \/>sur les pistes<\/p>\t\t\t\t\t\t\t\t<\/div>\n\t\t\t\t<\/div>\n\t\t\t\t\t<\/div>\n\t\t<\/div>\n\t\t\t\t\t<\/div>\n\t\t<\/section>\n\t\t\t\t<div class=\"elementor-element elementor-element-6847385 elementor-widget elementor-widget-spacer\" data-id=\"6847385\" data-element_type=\"widget\" data-widget_type=\"spacer.default\">\n\t\t\t\t<div class=\"elementor-widget-container\">\n\t\t\t\t\t\t\t<div class=\"elementor-spacer\">\n\t\t\t<div class=\"elementor-spacer-inner\"><\/div>\n\t\t<\/div>\n\t\t\t\t\t\t<\/div>\n\t\t\t\t<\/div>\n\t\t\t\t\t<\/div>\n\t\t<\/div>\n\t\t\t\t\t<\/div>\n\t\t<\/section>\n\t\t\t\t<section data-particle_enable=\"false\" data-particle-mobile-disabled=\"false\" class=\"elementor-section elementor-top-section elementor-element elementor-element-494abc0 elementor-section-full_width elementor-section-height-default elementor-section-height-default\" data-id=\"494abc0\" data-element_type=\"section\">\n\t\t\t\t\t\t<div class=\"elementor-container elementor-column-gap-default\">\n\t\t\t\t\t<div class=\"elementor-column elementor-col-100 elementor-top-column elementor-element elementor-element-9bb4afe\" data-id=\"9bb4afe\" data-element_type=\"column\">\n\t\t\t<div class=\"elementor-widget-wrap elementor-element-populated\">\n\t\t\t\t\t\t<div class=\"elementor-element elementor-element-25b687e elementor-widget elementor-widget-video\" data-id=\"25b687e\" data-element_type=\"widget\" data-settings=\"{&quot;youtube_url&quot;:&quot;https:\\\/\\\/youtu.be\\\/oPgZJAdLdXc&quot;,&quot;autoplay&quot;:&quot;yes&quot;,&quot;mute&quot;:&quot;yes&quot;,&quot;video_type&quot;:&quot;youtube&quot;,&quot;controls&quot;:&quot;yes&quot;}\" data-widget_type=\"video.default\">\n\t\t\t\t<div class=\"elementor-widget-container\">\n\t\t\t\t\t\t\t<div class=\"elementor-wrapper elementor-open-inline\">\n\t\t\t<div class=\"elementor-video\"><\/div>\t\t<\/div>\n\t\t\t\t\t\t<\/div>\n\t\t\t\t<\/div>\n\t\t\t\t\t<\/div>\n\t\t<\/div>\n\t\t\t\t\t<\/div>\n\t\t<\/section>\n\t\t\t\t<\/div>\n\t\t","protected":false},"excerpt":{"rendered":"<p>Skiez moins cher \u00e0 Meg\u00e8ve ! de r\u00e9duction sur votre prochain forfait de ski ! 0 \u20ac Recevez votre coupon de r\u00e9duction d\u00e9mat\u00e9rialis\u00e9 en renseignant votre email ci-dessous : Choisir [&hellip;]<\/p>\n","protected":false},"author":3,"featured_media":0,"parent":0,"menu_order":0,"comment_status":"closed","ping_status":"closed","template":"","meta":{"footnotes":""},"class_list":["post-3591","page","type-page","status-publish","hentry"],"yoast_head":"<!-- This site is optimized with the Yoast SEO plugin v25.2 - https:\/\/yoast.com\/wordpress\/plugins\/seo\/ -->\n<title>Skiez moins cher \u00e0 Meg\u00e8ve !<\/title>\n<meta name=\"description\" content=\"Recevez votre coupon de r\u00e9duction de 10 \u20ac sur le domaine skiable de Mege\u00e8ve en renseignant votre email sur cette page !\" \/>\n<meta name=\"robots\" content=\"index, follow, max-snippet:-1, max-image-preview:large, max-video-preview:-1\" \/>\n<link rel=\"canonical\" href=\"https:\/\/forfait.megeve.com\/hiver\/fidelite\/\" \/>\n<meta property=\"og:locale\" content=\"fr_FR\" \/>\n<meta property=\"og:type\" content=\"article\" \/>\n<meta property=\"og:title\" content=\"Skiez moins cher \u00e0 Meg\u00e8ve !\" \/>\n<meta property=\"og:description\" content=\"Recevez votre coupon de r\u00e9duction de 10 \u20ac sur le domaine skiable de Mege\u00e8ve en renseignant votre email sur cette page !\" \/>\n<meta property=\"og:url\" content=\"https:\/\/forfait.megeve.com\/hiver\/fidelite\/\" \/>\n<meta property=\"og:site_name\" content=\"Megeve hiver\" \/>\n<meta property=\"article:publisher\" content=\"https:\/\/fr-fr.facebook.com\/megeve\/\" \/>\n<meta property=\"article:modified_time\" content=\"2025-12-08T08:48:26+00:00\" \/>\n<meta name=\"twitter:card\" content=\"summary_large_image\" \/>\n<meta name=\"twitter:site\" content=\"@megeve\" \/>\n<meta name=\"twitter:label1\" content=\"Dur\u00e9e de lecture estim\u00e9e\" \/>\n\t<meta name=\"twitter:data1\" content=\"1 minute\" \/>\n<script type=\"application\/ld+json\" class=\"yoast-schema-graph\">{\"@context\":\"https:\/\/schema.org\",\"@graph\":[{\"@type\":\"WebPage\",\"@id\":\"https:\/\/forfait.megeve.com\/hiver\/fidelite\/\",\"url\":\"https:\/\/forfait.megeve.com\/hiver\/fidelite\/\",\"name\":\"Skiez moins cher \u00e0 Meg\u00e8ve !\",\"isPartOf\":{\"@id\":\"https:\/\/forfait.megeve.com\/hiver\/#website\"},\"datePublished\":\"2022-11-08T10:35:26+00:00\",\"dateModified\":\"2025-12-08T08:48:26+00:00\",\"description\":\"Recevez votre coupon de r\u00e9duction de 10 \u20ac sur le domaine skiable de Mege\u00e8ve en renseignant votre email sur cette page !\",\"breadcrumb\":{\"@id\":\"https:\/\/forfait.megeve.com\/hiver\/fidelite\/#breadcrumb\"},\"inLanguage\":\"fr-FR\",\"potentialAction\":[{\"@type\":\"ReadAction\",\"target\":[\"https:\/\/forfait.megeve.com\/hiver\/fidelite\/\"]}]},{\"@type\":\"BreadcrumbList\",\"@id\":\"https:\/\/forfait.megeve.com\/hiver\/fidelite\/#breadcrumb\",\"itemListElement\":[{\"@type\":\"ListItem\",\"position\":1,\"name\":\"Accueil\",\"item\":\"https:\/\/forfait.megeve.com\/hiver\/\"},{\"@type\":\"ListItem\",\"position\":2,\"name\":\"Fid\u00e9lit\u00e9\"}]},{\"@type\":\"WebSite\",\"@id\":\"https:\/\/forfait.megeve.com\/hiver\/#website\",\"url\":\"https:\/\/forfait.megeve.com\/hiver\/\",\"name\":\"Meg\u00e8ve hiver\",\"description\":\"Vente en ligne des forfait Meg\u00e8ve\",\"publisher\":{\"@id\":\"https:\/\/forfait.megeve.com\/hiver\/#organization\"},\"potentialAction\":[{\"@type\":\"SearchAction\",\"target\":{\"@type\":\"EntryPoint\",\"urlTemplate\":\"https:\/\/forfait.megeve.com\/hiver\/?s={search_term_string}\"},\"query-input\":{\"@type\":\"PropertyValueSpecification\",\"valueRequired\":true,\"valueName\":\"search_term_string\"}}],\"inLanguage\":\"fr-FR\"},{\"@type\":\"Organization\",\"@id\":\"https:\/\/forfait.megeve.com\/hiver\/#organization\",\"name\":\"Meg\u00e8ve Domaine Skiable\",\"url\":\"https:\/\/forfait.megeve.com\/hiver\/\",\"logo\":{\"@type\":\"ImageObject\",\"inLanguage\":\"fr-FR\",\"@id\":\"https:\/\/forfait.megeve.com\/hiver\/#\/schema\/logo\/image\/\",\"url\":\"https:\/\/forfait.megeve.com\/hiver\/wp-content\/uploads\/sites\/7\/2020\/03\/home.png\",\"contentUrl\":\"https:\/\/forfait.megeve.com\/hiver\/wp-content\/uploads\/sites\/7\/2020\/03\/home.png\",\"width\":830,\"height\":545,\"caption\":\"Meg\u00e8ve Domaine Skiable\"},\"image\":{\"@id\":\"https:\/\/forfait.megeve.com\/hiver\/#\/schema\/logo\/image\/\"},\"sameAs\":[\"https:\/\/fr-fr.facebook.com\/megeve\/\",\"https:\/\/x.com\/megeve\",\"https:\/\/www.instagram.com\/megeve_officiel\/\",\"https:\/\/www.youtube.com\/c\/MegveTourisme74\",\"https:\/\/www.tiktok.com\/@megeve_officiel\"]}]}<\/script>\n<!-- \/ Yoast SEO plugin. -->","yoast_head_json":{"title":"Skiez moins cher \u00e0 Meg\u00e8ve !","description":"Recevez votre coupon de r\u00e9duction de 10 \u20ac sur le domaine skiable de Mege\u00e8ve en renseignant votre email sur cette page !","robots":{"index":"index","follow":"follow","max-snippet":"max-snippet:-1","max-image-preview":"max-image-preview:large","max-video-preview":"max-video-preview:-1"},"canonical":"https:\/\/forfait.megeve.com\/hiver\/fidelite\/","og_locale":"fr_FR","og_type":"article","og_title":"Skiez moins cher \u00e0 Meg\u00e8ve !","og_description":"Recevez votre coupon de r\u00e9duction de 10 \u20ac sur le domaine skiable de Mege\u00e8ve en renseignant votre email sur cette page !","og_url":"https:\/\/forfait.megeve.com\/hiver\/fidelite\/","og_site_name":"Megeve hiver","article_publisher":"https:\/\/fr-fr.facebook.com\/megeve\/","article_modified_time":"2025-12-08T08:48:26+00:00","twitter_card":"summary_large_image","twitter_site":"@megeve","twitter_misc":{"Dur\u00e9e de lecture estim\u00e9e":"1 minute"},"schema":{"@context":"https:\/\/schema.org","@graph":[{"@type":"WebPage","@id":"https:\/\/forfait.megeve.com\/hiver\/fidelite\/","url":"https:\/\/forfait.megeve.com\/hiver\/fidelite\/","name":"Skiez moins cher \u00e0 Meg\u00e8ve !","isPartOf":{"@id":"https:\/\/forfait.megeve.com\/hiver\/#website"},"datePublished":"2022-11-08T10:35:26+00:00","dateModified":"2025-12-08T08:48:26+00:00","description":"Recevez votre coupon de r\u00e9duction de 10 \u20ac sur le domaine skiable de Mege\u00e8ve en renseignant votre email sur cette page !","breadcrumb":{"@id":"https:\/\/forfait.megeve.com\/hiver\/fidelite\/#breadcrumb"},"inLanguage":"fr-FR","potentialAction":[{"@type":"ReadAction","target":["https:\/\/forfait.megeve.com\/hiver\/fidelite\/"]}]},{"@type":"BreadcrumbList","@id":"https:\/\/forfait.megeve.com\/hiver\/fidelite\/#breadcrumb","itemListElement":[{"@type":"ListItem","position":1,"name":"Accueil","item":"https:\/\/forfait.megeve.com\/hiver\/"},{"@type":"ListItem","position":2,"name":"Fid\u00e9lit\u00e9"}]},{"@type":"WebSite","@id":"https:\/\/forfait.megeve.com\/hiver\/#website","url":"https:\/\/forfait.megeve.com\/hiver\/","name":"Meg\u00e8ve hiver","description":"Vente en ligne des forfait Meg\u00e8ve","publisher":{"@id":"https:\/\/forfait.megeve.com\/hiver\/#organization"},"potentialAction":[{"@type":"SearchAction","target":{"@type":"EntryPoint","urlTemplate":"https:\/\/forfait.megeve.com\/hiver\/?s={search_term_string}"},"query-input":{"@type":"PropertyValueSpecification","valueRequired":true,"valueName":"search_term_string"}}],"inLanguage":"fr-FR"},{"@type":"Organization","@id":"https:\/\/forfait.megeve.com\/hiver\/#organization","name":"Meg\u00e8ve Domaine Skiable","url":"https:\/\/forfait.megeve.com\/hiver\/","logo":{"@type":"ImageObject","inLanguage":"fr-FR","@id":"https:\/\/forfait.megeve.com\/hiver\/#\/schema\/logo\/image\/","url":"https:\/\/forfait.megeve.com\/hiver\/wp-content\/uploads\/sites\/7\/2020\/03\/home.png","contentUrl":"https:\/\/forfait.megeve.com\/hiver\/wp-content\/uploads\/sites\/7\/2020\/03\/home.png","width":830,"height":545,"caption":"Meg\u00e8ve Domaine Skiable"},"image":{"@id":"https:\/\/forfait.megeve.com\/hiver\/#\/schema\/logo\/image\/"},"sameAs":["https:\/\/fr-fr.facebook.com\/megeve\/","https:\/\/x.com\/megeve","https:\/\/www.instagram.com\/megeve_officiel\/","https:\/\/www.youtube.com\/c\/MegveTourisme74","https:\/\/www.tiktok.com\/@megeve_officiel"]}]}},"lang":"fr","translations":{"fr":3591,"en":13239},"publishpress_future_action":{"enabled":false,"date":"2026-04-22 06:32:30","action":"change-status","newStatus":"draft","terms":[],"taxonomy":"language"},"publishpress_future_workflow_manual_trigger":{"enabledWorkflows":[]},"pll_sync_post":[],"_links":{"self":[{"href":"https:\/\/forfait.megeve.com\/hiver\/wp-json\/wp\/v2\/pages\/3591","targetHints":{"allow":["GET"]}}],"collection":[{"href":"https:\/\/forfait.megeve.com\/hiver\/wp-json\/wp\/v2\/pages"}],"about":[{"href":"https:\/\/forfait.megeve.com\/hiver\/wp-json\/wp\/v2\/types\/page"}],"author":[{"embeddable":true,"href":"https:\/\/forfait.megeve.com\/hiver\/wp-json\/wp\/v2\/users\/3"}],"replies":[{"embeddable":true,"href":"https:\/\/forfait.megeve.com\/hiver\/wp-json\/wp\/v2\/comments?post=3591"}],"version-history":[{"count":30,"href":"https:\/\/forfait.megeve.com\/hiver\/wp-json\/wp\/v2\/pages\/3591\/revisions"}],"predecessor-version":[{"id":13250,"href":"https:\/\/forfait.megeve.com\/hiver\/wp-json\/wp\/v2\/pages\/3591\/revisions\/13250"}],"wp:attachment":[{"href":"https:\/\/forfait.megeve.com\/hiver\/wp-json\/wp\/v2\/media?parent=3591"}],"curies":[{"name":"wp","href":"https:\/\/api.w.org\/{rel}","templated":true}]}}