{"id":355,"date":"2020-04-03T16:22:08","date_gmt":"2020-04-03T14:22:08","guid":{"rendered":"https:\/\/forfait.megeve.com\/megevehiver\/?page_id=355"},"modified":"2025-12-08T09:43:46","modified_gmt":"2025-12-08T08:43:46","slug":"contact","status":"publish","type":"page","link":"https:\/\/forfait.megeve.com\/hiver\/contact\/","title":{"rendered":"Contact"},"content":{"rendered":"\t\t<div data-elementor-type=\"wp-page\" data-elementor-id=\"355\" class=\"elementor elementor-355\" data-elementor-post-type=\"page\">\n\t\t\t\t\t\t<section data-particle_enable=\"false\" data-particle-mobile-disabled=\"false\" class=\"elementor-section elementor-top-section elementor-element elementor-element-59881e5 elementor-section-content-middle elementor-section-boxed elementor-section-height-default elementor-section-height-default\" data-id=\"59881e5\" data-element_type=\"section\">\n\t\t\t\t\t\t<div class=\"elementor-container elementor-column-gap-default\">\n\t\t\t\t\t<div class=\"elementor-column elementor-col-100 elementor-top-column elementor-element elementor-element-2b075d7\" data-id=\"2b075d7\" data-element_type=\"column\">\n\t\t\t<div class=\"elementor-widget-wrap elementor-element-populated\">\n\t\t\t\t\t\t<div class=\"elementor-element elementor-element-76ddea0 elementor-widget elementor-widget-spacer\" data-id=\"76ddea0\" data-element_type=\"widget\" data-widget_type=\"spacer.default\">\n\t\t\t\t<div class=\"elementor-widget-container\">\n\t\t\t\t\t\t\t<div class=\"elementor-spacer\">\n\t\t\t<div class=\"elementor-spacer-inner\"><\/div>\n\t\t<\/div>\n\t\t\t\t\t\t<\/div>\n\t\t\t\t<\/div>\n\t\t\t\t<div class=\"elementor-element elementor-element-2cea554 elementor-widget elementor-widget-breadcrumbs\" data-id=\"2cea554\" data-element_type=\"widget\" data-widget_type=\"breadcrumbs.default\">\n\t\t\t\t<div class=\"elementor-widget-container\">\n\t\t\t\t\t<p id=\"breadcrumbs\"><span><span><a href=\"https:\/\/forfait.megeve.com\/hiver\/\">Accueil<\/a><\/span><\/span><\/p>\t\t\t\t<\/div>\n\t\t\t\t<\/div>\n\t\t\t\t<div class=\"elementor-element elementor-element-190e548 elementor-widget elementor-widget-heading\" data-id=\"190e548\" data-element_type=\"widget\" data-widget_type=\"heading.default\">\n\t\t\t\t<div class=\"elementor-widget-container\">\n\t\t\t\t\t<h1 class=\"elementor-heading-title elementor-size-default\"><span class=\"weightNormal\">Fiche<\/span> \u00e9coute <span class=\"weightNormal\">client<\/span><\/h1>\t\t\t\t<\/div>\n\t\t\t\t<\/div>\n\t\t\t\t\t<\/div>\n\t\t<\/div>\n\t\t\t\t\t<\/div>\n\t\t<\/section>\n\t\t<div data-particle_enable=\"false\" data-particle-mobile-disabled=\"false\" class=\"elementor-element elementor-element-52bc1c5 e-flex e-con-boxed e-con e-parent\" data-id=\"52bc1c5\" data-element_type=\"container\">\n\t\t\t\t\t<div class=\"e-con-inner\">\n\t\t<div data-particle_enable=\"false\" data-particle-mobile-disabled=\"false\" class=\"elementor-element elementor-element-ea659db e-con-full e-flex e-con e-child\" data-id=\"ea659db\" data-element_type=\"container\">\n\t\t\t\t<div class=\"elementor-element elementor-element-27d5f1f parfClient elementor-widget elementor-widget-parf\" data-id=\"27d5f1f\" data-element_type=\"widget\" data-widget_type=\"parf.default\">\n\t\t\t\t<div class=\"elementor-widget-container\">\n\t\t\t\t\t\t\t<div>\r\n\t\t\t<parf-element \r\n\t\t\t\tclass=\"hiver \" \r\n\t\t\t\tidModule=\"\" \r\n\t\t\t\tportail=\"396\" \r\n\t\t\t\tdomaineName=\"https:\/\/service.megeve.com\/\" \r\n\t\t\t\tlangue=\"FR\"\r\n\t\t\t\tversion=\"hiver\"\r\n\t\t\t\tAttReq=\"1\"\r\n\t\t\t\t\t\t\t\t\t\t\t\t\t\t\t\t\t\t\t\t>\r\n\t\t\t<\/parf-element>\r\n\t\t<\/div>\r\n\t\t\t\t\t\t<\/div>\n\t\t\t\t<\/div>\n\t\t\t\t<\/div>\n\t\t<div data-particle_enable=\"false\" data-particle-mobile-disabled=\"false\" class=\"elementor-element elementor-element-9e3ecc4 e-con-full elementor-hidden-tablet elementor-hidden-mobile e-flex e-con e-child\" data-id=\"9e3ecc4\" data-element_type=\"container\">\n\t\t\t\t<\/div>\n\t\t<div data-particle_enable=\"false\" data-particle-mobile-disabled=\"false\" class=\"elementor-element elementor-element-99b3d77 e-con-full e-flex e-con e-child\" data-id=\"99b3d77\" data-element_type=\"container\">\n\t\t\t\t<div class=\"elementor-element elementor-element-aeabfdd elementor-widget elementor-widget-button\" data-id=\"aeabfdd\" data-element_type=\"widget\" data-widget_type=\"button.default\">\n\t\t\t\t<div class=\"elementor-widget-container\">\n\t\t\t\t\t\t\t\t\t<div class=\"elementor-button-wrapper\">\n\t\t\t\t\t<a class=\"elementor-button elementor-button-link elementor-size-sm\" href=\"https:\/\/forfait.megeve.com\/hiver\/objet-perdu\/\">\n\t\t\t\t\t\t<span class=\"elementor-button-content-wrapper\">\n\t\t\t\t\t\t\t\t\t<span class=\"elementor-button-text\">VOUS AVEZ PERDU UN OBJET<\/span>\n\t\t\t\t\t<\/span>\n\t\t\t\t\t<\/a>\n\t\t\t\t<\/div>\n\t\t\t\t\t\t\t\t<\/div>\n\t\t\t\t<\/div>\n\t\t\t\t<\/div>\n\t\t\t\t\t<\/div>\n\t\t\t\t<\/div>\n\t\t\t\t<section data-particle_enable=\"false\" data-particle-mobile-disabled=\"false\" class=\"elementor-section elementor-top-section elementor-element elementor-element-dfd614c elementor-section-boxed elementor-section-height-default elementor-section-height-default\" data-id=\"dfd614c\" data-element_type=\"section\">\n\t\t\t\t\t\t<div class=\"elementor-container elementor-column-gap-default\">\n\t\t\t\t\t<div class=\"elementor-column elementor-col-100 elementor-top-column elementor-element elementor-element-bc8891c\" data-id=\"bc8891c\" data-element_type=\"column\">\n\t\t\t<div class=\"elementor-widget-wrap elementor-element-populated\">\n\t\t\t\t\t\t<div class=\"elementor-element elementor-element-23c9b12 elementor-widget elementor-widget-spacer\" data-id=\"23c9b12\" data-element_type=\"widget\" data-widget_type=\"spacer.default\">\n\t\t\t\t<div class=\"elementor-widget-container\">\n\t\t\t\t\t\t\t<div class=\"elementor-spacer\">\n\t\t\t<div class=\"elementor-spacer-inner\"><\/div>\n\t\t<\/div>\n\t\t\t\t\t\t<\/div>\n\t\t\t\t<\/div>\n\t\t\t\t<div class=\"elementor-element elementor-element-77cafd1 elementor-widget elementor-widget-heading\" data-id=\"77cafd1\" data-element_type=\"widget\" data-widget_type=\"heading.default\">\n\t\t\t\t<div class=\"elementor-widget-container\">\n\t\t\t\t\t<h2 class=\"elementor-heading-title elementor-size-default\">Si vous avez souscrit \u00e0 l'une de nos assurances secours : <\/h2>\t\t\t\t<\/div>\n\t\t\t\t<\/div>\n\t\t\t\t<div class=\"elementor-element elementor-element-59cb3dc elementor-widget elementor-widget-text-editor\" data-id=\"59cb3dc\" data-element_type=\"widget\" data-widget_type=\"text-editor.default\">\n\t\t\t\t<div class=\"elementor-widget-container\">\n\t\t\t\t\t\t\t\t\t<p><span style=\"font-size: 1rem;\"><b>En cas d&rsquo;annulation, maladie ou accident concernant un<\/b>\u00a0<u><b>FORFAIT SEJOUR<\/b><\/u>, v<\/span><span style=\"font-size: 1rem;\">euillez formuler votre demande aupr\u00e8s :<\/span><\/p><p>&#8211; de l&rsquo;assurance souscrite lors de l&rsquo;achat du forfait :\u00a0<a href=\"https:\/\/www.e-gloo.eu\/en-cas-daccident.php\" target=\"_blank\" rel=\"noopener\"><b>Remplir le formulaire\u00a0de demande<\/b><\/a><\/p><p><a href=\"https:\/\/forfait.megeve.com\/hiver\/wp-content\/uploads\/sites\/4\/2023\/10\/CGA-SECOURS-EGLOO.pdf\">Conditions g\u00e9n\u00e9rales assurance E-GLOO<\/a><\/p><p><b style=\"font-size: 1rem;\">ou<\/b><\/p><p>&#8211; de votre assurance personnelle (ex: carte bancaire ou autre)<\/p><p><b>\u00a0<\/b><\/p><p><span style=\"font-size: 1rem;\"><b>En cas d&rsquo;annulation, maladie ou accident concernant un<\/b>\u00a0<u><b>FORFAIT SAISON<\/b><\/u>, v<\/span><span style=\"font-size: 1rem;\">euillez formuler votre demande aupr\u00e8s :<\/span><\/p><p>&#8211; de l&rsquo;assurance souscrite lors de l&rsquo;achat du forfait :\u00a0<a style=\"background-color: #ffffff; font-size: 1rem;\" href=\"https:\/\/www.declare.fr\/\" target=\"_blank\" rel=\"noopener\"><b>Remplir le formulaire\u00a0de demande<\/b><\/a>\u00a0(num\u00e9ro de contrat saison \u00e0 saisir : 9365).<\/p><p><a href=\"https:\/\/forfait.megeve.com\/hiver\/wp-content\/uploads\/sites\/4\/2023\/10\/cga_assurenski-saison-privilege-annulation-famille-IPID-CGA.pdf\" target=\"_blank\" rel=\"noopener\">Garanties assurance saison<\/a><\/p><p><b>ou<\/b><\/p><p><span style=\"font-size: 1rem;\">&#8211; de votre assurance personnelle\u00a0<\/span><span style=\"font-size: 1rem;\">(ex: carte bancaire ou autre)<\/span><\/p>\t\t\t\t\t\t\t\t<\/div>\n\t\t\t\t<\/div>\n\t\t\t\t<div class=\"elementor-element elementor-element-7a0c892 elementor-widget elementor-widget-spacer\" data-id=\"7a0c892\" data-element_type=\"widget\" data-widget_type=\"spacer.default\">\n\t\t\t\t<div class=\"elementor-widget-container\">\n\t\t\t\t\t\t\t<div class=\"elementor-spacer\">\n\t\t\t<div class=\"elementor-spacer-inner\"><\/div>\n\t\t<\/div>\n\t\t\t\t\t\t<\/div>\n\t\t\t\t<\/div>\n\t\t\t\t<div class=\"elementor-element elementor-element-8240b2a elementor-widget elementor-widget-text-editor\" data-id=\"8240b2a\" data-element_type=\"widget\" data-widget_type=\"text-editor.default\">\n\t\t\t\t<div class=\"elementor-widget-container\">\n\t\t\t\t\t\t\t\t\t<p><strong>REMONTEES MECANIQUES DE MEGEVE<\/strong><\/p><p>220 route du t\u00e9l\u00e9ph\u00e9rique de Rochebrune<\/p><p>74120 MEGEVE \u2013 France<\/p><p>\u00a0<\/p><p><strong>Informations :<\/strong><\/p><p>Contactez notre hotline : +33 (0)4 50 21 57 10, 7 jours sur 7 de 9h \u00e0 12h et de 14h \u00e0 17h.<\/p><p>ou envoyez-nous un mail via le formulaire de contact ci-dessous<\/p><p>\u00a0<\/p><p><strong>Secours :<\/strong><\/p><p>T\u00e9l : +33 (0)4 50 21 50 50 ou 112<\/p>\t\t\t\t\t\t\t\t<\/div>\n\t\t\t\t<\/div>\n\t\t\t\t<div class=\"elementor-element elementor-element-b2143b3 elementor-align-left elementor-widget elementor-widget-button\" data-id=\"b2143b3\" data-element_type=\"widget\" data-widget_type=\"button.default\">\n\t\t\t\t<div class=\"elementor-widget-container\">\n\t\t\t\t\t\t\t\t\t<div class=\"elementor-button-wrapper\">\n\t\t\t\t\t<a class=\"elementor-button elementor-button-link elementor-size-sm\" href=\"\/hiver\/faq\/\">\n\t\t\t\t\t\t<span class=\"elementor-button-content-wrapper\">\n\t\t\t\t\t\t\t\t\t<span class=\"elementor-button-text\">Consultez notre foire aux questions !<\/span>\n\t\t\t\t\t<\/span>\n\t\t\t\t\t<\/a>\n\t\t\t\t<\/div>\n\t\t\t\t\t\t\t\t<\/div>\n\t\t\t\t<\/div>\n\t\t\t\t<div class=\"elementor-element elementor-element-663fa0f elementor-widget elementor-widget-spacer\" data-id=\"663fa0f\" data-element_type=\"widget\" data-widget_type=\"spacer.default\">\n\t\t\t\t<div class=\"elementor-widget-container\">\n\t\t\t\t\t\t\t<div class=\"elementor-spacer\">\n\t\t\t<div class=\"elementor-spacer-inner\"><\/div>\n\t\t<\/div>\n\t\t\t\t\t\t<\/div>\n\t\t\t\t<\/div>\n\t\t\t\t\t<\/div>\n\t\t<\/div>\n\t\t\t\t\t<\/div>\n\t\t<\/section>\n\t\t\t\t<section data-particle_enable=\"false\" data-particle-mobile-disabled=\"false\" class=\"elementor-section elementor-top-section elementor-element elementor-element-05fa843 elementor-section-boxed elementor-section-height-default elementor-section-height-default\" data-id=\"05fa843\" data-element_type=\"section\">\n\t\t\t\t\t\t<div class=\"elementor-container elementor-column-gap-default\">\n\t\t\t\t\t<div class=\"elementor-column elementor-col-100 elementor-top-column elementor-element elementor-element-95a48c6\" data-id=\"95a48c6\" data-element_type=\"column\">\n\t\t\t<div class=\"elementor-widget-wrap elementor-element-populated\">\n\t\t\t\t\t\t<div class=\"elementor-element elementor-element-e384c6e elementor-widget elementor-widget-text-editor\" data-id=\"e384c6e\" data-element_type=\"widget\" data-widget_type=\"text-editor.default\">\n\t\t\t\t<div class=\"elementor-widget-container\">\n\t\t\t\t\t\t\t\t\t<p>Les informations recueillies sur ce formulaire sont destin\u00e9es \u00e0 la gestion de la relation commerciale. Elles sont conserv\u00e9es au maximum 3 ans et sont exclusivement destin\u00e9es aux remont\u00e9es m\u00e9caniques de Meg\u00e8ve.<\/p><p>Conform\u00e9ment \u00e0 la l\u00e9gislation \u00ab informatique et Libert\u00e9 \u00bb vous disposez sur vos donn\u00e9es des droits d\u2019acc\u00e8s, droit de rectification, droit \u00e0 l\u2019effacement, droit d\u2019opposition, droit \u00e0 la limitation du traitement, droit \u00e0 la portabilit\u00e9.<\/p><p>Pour exercer vos droits, merci de contacter le service client \u00e0 l\u2019adresse : <strong><a href=\"mailto:info@ski.megeve.com\">info@ski.megeve.com<\/a><\/strong><\/p>\t\t\t\t\t\t\t\t<\/div>\n\t\t\t\t<\/div>\n\t\t\t\t\t<\/div>\n\t\t<\/div>\n\t\t\t\t\t<\/div>\n\t\t<\/section>\n\t\t\t\t<\/div>\n\t\t","protected":false},"excerpt":{"rendered":"<p>Fiche \u00e9coute client VOUS AVEZ PERDU UN OBJET Si vous avez souscrit \u00e0 l&rsquo;une de nos assurances secours : En cas d&rsquo;annulation, maladie ou accident concernant un\u00a0FORFAIT SEJOUR, veuillez formuler [&hellip;]<\/p>\n","protected":false},"author":3,"featured_media":0,"parent":0,"menu_order":0,"comment_status":"closed","ping_status":"closed","template":"","meta":{"footnotes":""},"class_list":["post-355","page","type-page","status-publish","hentry"],"yoast_head":"<!-- This site is optimized with the Yoast SEO plugin v25.2 - https:\/\/yoast.com\/wordpress\/plugins\/seo\/ -->\n<title>Contacter le domaine skiable de Meg\u00e8ve<\/title>\n<meta name=\"description\" content=\"Sur cette page, vous pouvez : demander un d\u00e9dommagement, un remboursement, demander des informations, ou signaler une perte d&#039;objet\" \/>\n<meta name=\"robots\" content=\"index, follow, max-snippet:-1, max-image-preview:large, max-video-preview:-1\" \/>\n<link rel=\"canonical\" href=\"https:\/\/forfait.megeve.com\/hiver\/contact\/\" \/>\n<meta property=\"og:locale\" content=\"fr_FR\" \/>\n<meta property=\"og:type\" content=\"article\" \/>\n<meta property=\"og:title\" content=\"Contacter le domaine skiable de Meg\u00e8ve\" \/>\n<meta property=\"og:description\" content=\"Sur cette page, vous pouvez : demander un d\u00e9dommagement, un remboursement, demander des informations, ou signaler une perte d&#039;objet\" \/>\n<meta property=\"og:url\" content=\"https:\/\/forfait.megeve.com\/hiver\/contact\/\" \/>\n<meta property=\"og:site_name\" content=\"Megeve hiver\" \/>\n<meta property=\"article:publisher\" content=\"https:\/\/fr-fr.facebook.com\/megeve\/\" \/>\n<meta property=\"article:modified_time\" content=\"2025-12-08T08:43:46+00:00\" \/>\n<meta name=\"twitter:card\" content=\"summary_large_image\" \/>\n<meta name=\"twitter:site\" content=\"@megeve\" \/>\n<meta name=\"twitter:label1\" content=\"Dur\u00e9e de lecture estim\u00e9e\" \/>\n\t<meta name=\"twitter:data1\" content=\"2 minutes\" \/>\n<script type=\"application\/ld+json\" class=\"yoast-schema-graph\">{\"@context\":\"https:\/\/schema.org\",\"@graph\":[{\"@type\":\"WebPage\",\"@id\":\"https:\/\/forfait.megeve.com\/hiver\/contact\/\",\"url\":\"https:\/\/forfait.megeve.com\/hiver\/contact\/\",\"name\":\"Contacter le domaine skiable de Meg\u00e8ve\",\"isPartOf\":{\"@id\":\"https:\/\/forfait.megeve.com\/hiver\/#website\"},\"datePublished\":\"2020-04-03T14:22:08+00:00\",\"dateModified\":\"2025-12-08T08:43:46+00:00\",\"description\":\"Sur cette page, vous pouvez : demander un d\u00e9dommagement, un remboursement, demander des informations, ou signaler une perte d'objet\",\"breadcrumb\":{\"@id\":\"https:\/\/forfait.megeve.com\/hiver\/contact\/#breadcrumb\"},\"inLanguage\":\"fr-FR\",\"potentialAction\":[{\"@type\":\"ReadAction\",\"target\":[\"https:\/\/forfait.megeve.com\/hiver\/contact\/\"]}]},{\"@type\":\"BreadcrumbList\",\"@id\":\"https:\/\/forfait.megeve.com\/hiver\/contact\/#breadcrumb\",\"itemListElement\":[{\"@type\":\"ListItem\",\"position\":1,\"name\":\"Accueil\",\"item\":\"https:\/\/forfait.megeve.com\/hiver\/\"},{\"@type\":\"ListItem\",\"position\":2,\"name\":\"Contact\"}]},{\"@type\":\"WebSite\",\"@id\":\"https:\/\/forfait.megeve.com\/hiver\/#website\",\"url\":\"https:\/\/forfait.megeve.com\/hiver\/\",\"name\":\"Meg\u00e8ve hiver\",\"description\":\"Vente en ligne des forfait Meg\u00e8ve\",\"publisher\":{\"@id\":\"https:\/\/forfait.megeve.com\/hiver\/#organization\"},\"potentialAction\":[{\"@type\":\"SearchAction\",\"target\":{\"@type\":\"EntryPoint\",\"urlTemplate\":\"https:\/\/forfait.megeve.com\/hiver\/?s={search_term_string}\"},\"query-input\":{\"@type\":\"PropertyValueSpecification\",\"valueRequired\":true,\"valueName\":\"search_term_string\"}}],\"inLanguage\":\"fr-FR\"},{\"@type\":\"Organization\",\"@id\":\"https:\/\/forfait.megeve.com\/hiver\/#organization\",\"name\":\"Meg\u00e8ve Domaine Skiable\",\"url\":\"https:\/\/forfait.megeve.com\/hiver\/\",\"logo\":{\"@type\":\"ImageObject\",\"inLanguage\":\"fr-FR\",\"@id\":\"https:\/\/forfait.megeve.com\/hiver\/#\/schema\/logo\/image\/\",\"url\":\"https:\/\/forfait.megeve.com\/hiver\/wp-content\/uploads\/sites\/7\/2020\/03\/home.png\",\"contentUrl\":\"https:\/\/forfait.megeve.com\/hiver\/wp-content\/uploads\/sites\/7\/2020\/03\/home.png\",\"width\":830,\"height\":545,\"caption\":\"Meg\u00e8ve Domaine Skiable\"},\"image\":{\"@id\":\"https:\/\/forfait.megeve.com\/hiver\/#\/schema\/logo\/image\/\"},\"sameAs\":[\"https:\/\/fr-fr.facebook.com\/megeve\/\",\"https:\/\/x.com\/megeve\",\"https:\/\/www.instagram.com\/megeve_officiel\/\",\"https:\/\/www.youtube.com\/c\/MegveTourisme74\",\"https:\/\/www.tiktok.com\/@megeve_officiel\"]}]}<\/script>\n<!-- \/ Yoast SEO plugin. -->","yoast_head_json":{"title":"Contacter le domaine skiable de Meg\u00e8ve","description":"Sur cette page, vous pouvez : demander un d\u00e9dommagement, un remboursement, demander des informations, ou signaler une perte d'objet","robots":{"index":"index","follow":"follow","max-snippet":"max-snippet:-1","max-image-preview":"max-image-preview:large","max-video-preview":"max-video-preview:-1"},"canonical":"https:\/\/forfait.megeve.com\/hiver\/contact\/","og_locale":"fr_FR","og_type":"article","og_title":"Contacter le domaine skiable de Meg\u00e8ve","og_description":"Sur cette page, vous pouvez : demander un d\u00e9dommagement, un remboursement, demander des informations, ou signaler une perte d'objet","og_url":"https:\/\/forfait.megeve.com\/hiver\/contact\/","og_site_name":"Megeve hiver","article_publisher":"https:\/\/fr-fr.facebook.com\/megeve\/","article_modified_time":"2025-12-08T08:43:46+00:00","twitter_card":"summary_large_image","twitter_site":"@megeve","twitter_misc":{"Dur\u00e9e de lecture estim\u00e9e":"2 minutes"},"schema":{"@context":"https:\/\/schema.org","@graph":[{"@type":"WebPage","@id":"https:\/\/forfait.megeve.com\/hiver\/contact\/","url":"https:\/\/forfait.megeve.com\/hiver\/contact\/","name":"Contacter le domaine skiable de Meg\u00e8ve","isPartOf":{"@id":"https:\/\/forfait.megeve.com\/hiver\/#website"},"datePublished":"2020-04-03T14:22:08+00:00","dateModified":"2025-12-08T08:43:46+00:00","description":"Sur cette page, vous pouvez : demander un d\u00e9dommagement, un remboursement, demander des informations, ou signaler une perte d'objet","breadcrumb":{"@id":"https:\/\/forfait.megeve.com\/hiver\/contact\/#breadcrumb"},"inLanguage":"fr-FR","potentialAction":[{"@type":"ReadAction","target":["https:\/\/forfait.megeve.com\/hiver\/contact\/"]}]},{"@type":"BreadcrumbList","@id":"https:\/\/forfait.megeve.com\/hiver\/contact\/#breadcrumb","itemListElement":[{"@type":"ListItem","position":1,"name":"Accueil","item":"https:\/\/forfait.megeve.com\/hiver\/"},{"@type":"ListItem","position":2,"name":"Contact"}]},{"@type":"WebSite","@id":"https:\/\/forfait.megeve.com\/hiver\/#website","url":"https:\/\/forfait.megeve.com\/hiver\/","name":"Meg\u00e8ve hiver","description":"Vente en ligne des forfait Meg\u00e8ve","publisher":{"@id":"https:\/\/forfait.megeve.com\/hiver\/#organization"},"potentialAction":[{"@type":"SearchAction","target":{"@type":"EntryPoint","urlTemplate":"https:\/\/forfait.megeve.com\/hiver\/?s={search_term_string}"},"query-input":{"@type":"PropertyValueSpecification","valueRequired":true,"valueName":"search_term_string"}}],"inLanguage":"fr-FR"},{"@type":"Organization","@id":"https:\/\/forfait.megeve.com\/hiver\/#organization","name":"Meg\u00e8ve Domaine Skiable","url":"https:\/\/forfait.megeve.com\/hiver\/","logo":{"@type":"ImageObject","inLanguage":"fr-FR","@id":"https:\/\/forfait.megeve.com\/hiver\/#\/schema\/logo\/image\/","url":"https:\/\/forfait.megeve.com\/hiver\/wp-content\/uploads\/sites\/7\/2020\/03\/home.png","contentUrl":"https:\/\/forfait.megeve.com\/hiver\/wp-content\/uploads\/sites\/7\/2020\/03\/home.png","width":830,"height":545,"caption":"Meg\u00e8ve Domaine Skiable"},"image":{"@id":"https:\/\/forfait.megeve.com\/hiver\/#\/schema\/logo\/image\/"},"sameAs":["https:\/\/fr-fr.facebook.com\/megeve\/","https:\/\/x.com\/megeve","https:\/\/www.instagram.com\/megeve_officiel\/","https:\/\/www.youtube.com\/c\/MegveTourisme74","https:\/\/www.tiktok.com\/@megeve_officiel"]}]}},"lang":"fr","translations":{"fr":355,"en":1295},"publishpress_future_action":{"enabled":false,"date":"2026-04-24 08:20:41","action":"change-status","newStatus":"draft","terms":[],"taxonomy":"language"},"publishpress_future_workflow_manual_trigger":{"enabledWorkflows":[]},"pll_sync_post":[],"_links":{"self":[{"href":"https:\/\/forfait.megeve.com\/hiver\/wp-json\/wp\/v2\/pages\/355","targetHints":{"allow":["GET"]}}],"collection":[{"href":"https:\/\/forfait.megeve.com\/hiver\/wp-json\/wp\/v2\/pages"}],"about":[{"href":"https:\/\/forfait.megeve.com\/hiver\/wp-json\/wp\/v2\/types\/page"}],"author":[{"embeddable":true,"href":"https:\/\/forfait.megeve.com\/hiver\/wp-json\/wp\/v2\/users\/3"}],"replies":[{"embeddable":true,"href":"https:\/\/forfait.megeve.com\/hiver\/wp-json\/wp\/v2\/comments?post=355"}],"version-history":[{"count":30,"href":"https:\/\/forfait.megeve.com\/hiver\/wp-json\/wp\/v2\/pages\/355\/revisions"}],"predecessor-version":[{"id":11972,"href":"https:\/\/forfait.megeve.com\/hiver\/wp-json\/wp\/v2\/pages\/355\/revisions\/11972"}],"wp:attachment":[{"href":"https:\/\/forfait.megeve.com\/hiver\/wp-json\/wp\/v2\/media?parent=355"}],"curies":[{"name":"wp","href":"https:\/\/api.w.org\/{rel}","templated":true}]}}