{"id":340,"date":"2020-04-03T14:48:11","date_gmt":"2020-04-03T12:48:11","guid":{"rendered":"https:\/\/forfait.megeve.com\/megevehiver\/?page_id=340"},"modified":"2026-03-17T11:46:39","modified_gmt":"2026-03-17T10:46:39","slug":"plan-des-pistes-temps-reel","status":"publish","type":"page","link":"https:\/\/forfait.megeve.com\/hiver\/plan-des-pistes-temps-reel\/","title":{"rendered":"Plan des pistes &#8211; Temps r\u00e9el"},"content":{"rendered":"\t\t<div data-elementor-type=\"wp-page\" data-elementor-id=\"340\" class=\"elementor elementor-340\" data-elementor-post-type=\"page\">\n\t\t\t\t\t\t<section data-particle_enable=\"false\" data-particle-mobile-disabled=\"false\" class=\"elementor-section elementor-top-section elementor-element elementor-element-7680d4d elementor-section-content-middle elementor-section-boxed elementor-section-height-default elementor-section-height-default\" data-id=\"7680d4d\" data-element_type=\"section\">\n\t\t\t\t\t\t<div class=\"elementor-container elementor-column-gap-default\">\n\t\t\t\t\t<div class=\"elementor-column elementor-col-100 elementor-top-column elementor-element elementor-element-2b6d81e\" data-id=\"2b6d81e\" data-element_type=\"column\">\n\t\t\t<div class=\"elementor-widget-wrap elementor-element-populated\">\n\t\t\t\t\t\t<div class=\"elementor-element elementor-element-f353ed5 elementor-widget elementor-widget-spacer\" data-id=\"f353ed5\" data-element_type=\"widget\" data-widget_type=\"spacer.default\">\n\t\t\t\t<div class=\"elementor-widget-container\">\n\t\t\t\t\t\t\t<div class=\"elementor-spacer\">\n\t\t\t<div class=\"elementor-spacer-inner\"><\/div>\n\t\t<\/div>\n\t\t\t\t\t\t<\/div>\n\t\t\t\t<\/div>\n\t\t\t\t<div class=\"elementor-element elementor-element-e4ac3e3 elementor-widget elementor-widget-breadcrumbs\" data-id=\"e4ac3e3\" data-element_type=\"widget\" data-widget_type=\"breadcrumbs.default\">\n\t\t\t\t<div class=\"elementor-widget-container\">\n\t\t\t\t\t<p id=\"breadcrumbs\"><span><span><a href=\"https:\/\/forfait.megeve.com\/hiver\/\">Accueil<\/a><\/span><\/span><\/p>\t\t\t\t<\/div>\n\t\t\t\t<\/div>\n\t\t\t\t<div class=\"elementor-element elementor-element-f485a05 elementor-widget elementor-widget-heading\" data-id=\"f485a05\" data-element_type=\"widget\" data-widget_type=\"heading.default\">\n\t\t\t\t<div class=\"elementor-widget-container\">\n\t\t\t\t\t<h1 class=\"elementor-heading-title elementor-size-default\">Plans<\/h1>\t\t\t\t<\/div>\n\t\t\t\t<\/div>\n\t\t\t\t<div class=\"elementor-element elementor-element-06ac380 elementor-widget elementor-widget-button\" data-id=\"06ac380\" data-element_type=\"widget\" data-widget_type=\"button.default\">\n\t\t\t\t<div class=\"elementor-widget-container\">\n\t\t\t\t\t\t\t\t\t<div class=\"elementor-button-wrapper\">\n\t\t\t\t\t<a class=\"elementor-button elementor-button-link elementor-size-sm\" href=\"\/hiver\/nos-forfaits\/\">\n\t\t\t\t\t\t<span class=\"elementor-button-content-wrapper\">\n\t\t\t\t\t\t<span class=\"elementor-button-icon\">\n\t\t\t\t<i aria-hidden=\"true\" class=\"fas fa-arrow-alt-circle-left\"><\/i>\t\t\t<\/span>\n\t\t\t\t\t\t\t\t\t<span class=\"elementor-button-text\">Acheter un forfait<\/span>\n\t\t\t\t\t<\/span>\n\t\t\t\t\t<\/a>\n\t\t\t\t<\/div>\n\t\t\t\t\t\t\t\t<\/div>\n\t\t\t\t<\/div>\n\t\t\t\t<div class=\"elementor-element elementor-element-07e123e elementor-widget elementor-widget-spacer\" data-id=\"07e123e\" data-element_type=\"widget\" data-widget_type=\"spacer.default\">\n\t\t\t\t<div class=\"elementor-widget-container\">\n\t\t\t\t\t\t\t<div class=\"elementor-spacer\">\n\t\t\t<div class=\"elementor-spacer-inner\"><\/div>\n\t\t<\/div>\n\t\t\t\t\t\t<\/div>\n\t\t\t\t<\/div>\n\t\t\t\t\t<\/div>\n\t\t<\/div>\n\t\t\t\t\t<\/div>\n\t\t<\/section>\n\t\t\t\t<section data-particle_enable=\"false\" data-particle-mobile-disabled=\"false\" class=\"elementor-section elementor-top-section elementor-element elementor-element-d57a795 elementor-section-boxed elementor-section-height-default elementor-section-height-default\" data-id=\"d57a795\" data-element_type=\"section\">\n\t\t\t\t\t\t<div class=\"elementor-container elementor-column-gap-default\">\n\t\t\t\t\t<div class=\"elementor-column elementor-col-100 elementor-top-column elementor-element elementor-element-bb498e9\" data-id=\"bb498e9\" data-element_type=\"column\">\n\t\t\t<div class=\"elementor-widget-wrap elementor-element-populated\">\n\t\t\t\t\t\t<div class=\"elementor-element elementor-element-6f7eee4 elementor-widget elementor-widget-heading\" data-id=\"6f7eee4\" data-element_type=\"widget\" data-widget_type=\"heading.default\">\n\t\t\t\t<div class=\"elementor-widget-container\">\n\t\t\t\t\t<h2 class=\"elementor-heading-title elementor-size-default\">Plan des pistes en temps r\u00e9el<\/h2>\t\t\t\t<\/div>\n\t\t\t\t<\/div>\n\t\t\t\t<div class=\"elementor-element elementor-element-2896844 elementor-widget elementor-widget-heading\" data-id=\"2896844\" data-element_type=\"widget\" data-widget_type=\"heading.default\">\n\t\t\t\t<div class=\"elementor-widget-container\">\n\t\t\t\t\t<h2 class=\"elementor-heading-title elementor-size-default\">Domaine \u00c9vasion Mont Blanc<\/h2>\t\t\t\t<\/div>\n\t\t\t\t<\/div>\n\t\t\t\t<div class=\"elementor-element elementor-element-9363f4b elementor-widget elementor-widget-spacer\" data-id=\"9363f4b\" data-element_type=\"widget\" data-widget_type=\"spacer.default\">\n\t\t\t\t<div class=\"elementor-widget-container\">\n\t\t\t\t\t\t\t<div class=\"elementor-spacer\">\n\t\t\t<div class=\"elementor-spacer-inner\"><\/div>\n\t\t<\/div>\n\t\t\t\t\t\t<\/div>\n\t\t\t\t<\/div>\n\t\t\t\t<div class=\"elementor-element elementor-element-77bfd5b elementor-widget elementor-widget-html\" data-id=\"77bfd5b\" data-element_type=\"widget\" data-widget_type=\"html.default\">\n\t\t\t\t<div class=\"elementor-widget-container\">\n\t\t\t\t\t<iframe loading=\"lazy\" allowfullscreen=\"\" webkitallowfullscreen=\"\" mozallowfullscreen=\"\" src=\"https:\/\/lumiplay.link\/interactive-map\/evasion-mont-blanc\/fr\" width=\"100%\" height=\"540\" frameborder=\"0\">Plan des pistes<\/iframe>\t\t\t\t<\/div>\n\t\t\t\t<\/div>\n\t\t\t\t<div class=\"elementor-element elementor-element-eb9c324 elementor-view-default elementor-widget elementor-widget-icon\" data-id=\"eb9c324\" data-element_type=\"widget\" data-widget_type=\"icon.default\">\n\t\t\t\t<div class=\"elementor-widget-container\">\n\t\t\t\t\t\t\t<div class=\"elementor-icon-wrapper\">\n\t\t\t<div class=\"elementor-icon\">\n\t\t\t<i aria-hidden=\"true\" class=\"fas fa-map-marked-alt\"><\/i>\t\t\t<\/div>\n\t\t<\/div>\n\t\t\t\t\t\t<\/div>\n\t\t\t\t<\/div>\n\t\t\t\t<div class=\"elementor-element elementor-element-b7b0f70 elementor-align-center elementor-widget elementor-widget-button\" data-id=\"b7b0f70\" data-element_type=\"widget\" data-widget_type=\"button.default\">\n\t\t\t\t<div class=\"elementor-widget-container\">\n\t\t\t\t\t\t\t\t\t<div class=\"elementor-button-wrapper\">\n\t\t\t\t\t<a class=\"elementor-button elementor-button-link elementor-size-sm\" href=\"https:\/\/forfait.megeve.com\/hiver\/wp-content\/uploads\/sites\/7\/2025\/11\/2025-Plan-Megeve-Evasion-basseDef.pdf\" target=\"_blank\">\n\t\t\t\t\t\t<span class=\"elementor-button-content-wrapper\">\n\t\t\t\t\t\t\t\t\t<span class=\"elementor-button-text\">Plan des pistes en pdf<\/span>\n\t\t\t\t\t<\/span>\n\t\t\t\t\t<\/a>\n\t\t\t\t<\/div>\n\t\t\t\t\t\t\t\t<\/div>\n\t\t\t\t<\/div>\n\t\t\t\t\t<\/div>\n\t\t<\/div>\n\t\t\t\t\t<\/div>\n\t\t<\/section>\n\t\t\t\t<section data-particle_enable=\"false\" data-particle-mobile-disabled=\"false\" class=\"elementor-section elementor-top-section elementor-element elementor-element-ec91c09 elementor-section-boxed elementor-section-height-default elementor-section-height-default\" data-id=\"ec91c09\" data-element_type=\"section\">\n\t\t\t\t\t\t<div class=\"elementor-container elementor-column-gap-default\">\n\t\t\t\t\t<div class=\"elementor-column elementor-col-100 elementor-top-column elementor-element elementor-element-5b3e295\" data-id=\"5b3e295\" data-element_type=\"column\">\n\t\t\t<div class=\"elementor-widget-wrap elementor-element-populated\">\n\t\t\t\t\t\t<div class=\"elementor-element elementor-element-3017530 elementor-widget elementor-widget-spacer\" data-id=\"3017530\" data-element_type=\"widget\" data-widget_type=\"spacer.default\">\n\t\t\t\t<div class=\"elementor-widget-container\">\n\t\t\t\t\t\t\t<div class=\"elementor-spacer\">\n\t\t\t<div class=\"elementor-spacer-inner\"><\/div>\n\t\t<\/div>\n\t\t\t\t\t\t<\/div>\n\t\t\t\t<\/div>\n\t\t\t\t\t<\/div>\n\t\t<\/div>\n\t\t\t\t\t<\/div>\n\t\t<\/section>\n\t\t\t\t<section data-particle_enable=\"false\" data-particle-mobile-disabled=\"false\" class=\"elementor-section elementor-top-section elementor-element elementor-element-0deacab elementor-section-boxed elementor-section-height-default elementor-section-height-default\" data-id=\"0deacab\" data-element_type=\"section\">\n\t\t\t\t\t\t<div class=\"elementor-container elementor-column-gap-default\">\n\t\t\t\t\t<div class=\"elementor-column elementor-col-100 elementor-top-column elementor-element elementor-element-30df18a\" data-id=\"30df18a\" data-element_type=\"column\">\n\t\t\t<div class=\"elementor-widget-wrap elementor-element-populated\">\n\t\t\t\t\t\t<div class=\"elementor-element elementor-element-49375fc elementor-widget elementor-widget-heading\" data-id=\"49375fc\" data-element_type=\"widget\" data-widget_type=\"heading.default\">\n\t\t\t\t<div class=\"elementor-widget-container\">\n\t\t\t\t\t<h2 class=\"elementor-heading-title elementor-size-default\">Plan des domaines<\/h2>\t\t\t\t<\/div>\n\t\t\t\t<\/div>\n\t\t\t\t<div class=\"elementor-element elementor-element-20539d7 elementor-widget elementor-widget-heading\" data-id=\"20539d7\" data-element_type=\"widget\" data-widget_type=\"heading.default\">\n\t\t\t\t<div class=\"elementor-widget-container\">\n\t\t\t\t\t<h2 class=\"elementor-heading-title elementor-size-default\">Forfait Mont Blanc Unlimited<\/h2>\t\t\t\t<\/div>\n\t\t\t\t<\/div>\n\t\t\t\t\t<\/div>\n\t\t<\/div>\n\t\t\t\t\t<\/div>\n\t\t<\/section>\n\t\t<div data-particle_enable=\"false\" data-particle-mobile-disabled=\"false\" class=\"elementor-element elementor-element-c9b3aaa e-flex e-con-boxed e-con e-parent\" data-id=\"c9b3aaa\" data-element_type=\"container\">\n\t\t\t\t\t<div class=\"e-con-inner\">\n\t\t\t\t<div class=\"elementor-element elementor-element-a2ab991 elementor-widget elementor-widget-image\" data-id=\"a2ab991\" data-element_type=\"widget\" data-widget_type=\"image.default\">\n\t\t\t\t<div class=\"elementor-widget-container\">\n\t\t\t\t\t\t\t\t\t\t\t\t\t\t\t<img loading=\"lazy\" decoding=\"async\" width=\"800\" height=\"475\" src=\"https:\/\/forfait.megeve.com\/hiver\/wp-content\/uploads\/sites\/7\/2026\/03\/map_Hiver_FR-1024x608.png\" class=\"attachment-large size-large wp-image-16470\" alt=\"\" srcset=\"https:\/\/forfait.megeve.com\/hiver\/wp-content\/uploads\/sites\/7\/2026\/03\/map_Hiver_FR-1024x608.png 1024w, https:\/\/forfait.megeve.com\/hiver\/wp-content\/uploads\/sites\/7\/2026\/03\/map_Hiver_FR-300x178.png 300w, https:\/\/forfait.megeve.com\/hiver\/wp-content\/uploads\/sites\/7\/2026\/03\/map_Hiver_FR-768x456.png 768w, https:\/\/forfait.megeve.com\/hiver\/wp-content\/uploads\/sites\/7\/2026\/03\/map_Hiver_FR-1536x912.png 1536w, https:\/\/forfait.megeve.com\/hiver\/wp-content\/uploads\/sites\/7\/2026\/03\/map_Hiver_FR.png 1951w\" sizes=\"auto, (max-width: 800px) 100vw, 800px\" \/>\t\t\t\t\t\t\t\t\t\t\t\t\t\t\t<\/div>\n\t\t\t\t<\/div>\n\t\t\t\t\t<\/div>\n\t\t\t\t<\/div>\n\t\t\t\t<section data-particle_enable=\"false\" data-particle-mobile-disabled=\"false\" class=\"elementor-section elementor-top-section elementor-element elementor-element-0cd37c3 elementor-section-boxed elementor-section-height-default elementor-section-height-default\" data-id=\"0cd37c3\" data-element_type=\"section\">\n\t\t\t\t\t\t<div class=\"elementor-container elementor-column-gap-default\">\n\t\t\t\t\t<div class=\"elementor-column elementor-col-100 elementor-top-column elementor-element elementor-element-d68d137\" data-id=\"d68d137\" data-element_type=\"column\">\n\t\t\t<div class=\"elementor-widget-wrap elementor-element-populated\">\n\t\t\t\t\t\t<div class=\"elementor-element elementor-element-208e5b9 elementor-widget elementor-widget-spacer\" data-id=\"208e5b9\" data-element_type=\"widget\" data-widget_type=\"spacer.default\">\n\t\t\t\t<div class=\"elementor-widget-container\">\n\t\t\t\t\t\t\t<div class=\"elementor-spacer\">\n\t\t\t<div class=\"elementor-spacer-inner\"><\/div>\n\t\t<\/div>\n\t\t\t\t\t\t<\/div>\n\t\t\t\t<\/div>\n\t\t\t\t\t<\/div>\n\t\t<\/div>\n\t\t\t\t\t<\/div>\n\t\t<\/section>\n\t\t\t\t<section data-particle_enable=\"false\" data-particle-mobile-disabled=\"false\" class=\"elementor-section elementor-top-section elementor-element elementor-element-efd872a elementor-section-boxed elementor-section-height-default elementor-section-height-default\" data-id=\"efd872a\" data-element_type=\"section\">\n\t\t\t\t\t\t<div class=\"elementor-container elementor-column-gap-default\">\n\t\t\t\t\t<div class=\"elementor-column elementor-col-100 elementor-top-column elementor-element elementor-element-77e8ab6\" data-id=\"77e8ab6\" data-element_type=\"column\">\n\t\t\t<div class=\"elementor-widget-wrap elementor-element-populated\">\n\t\t\t\t\t\t<div class=\"elementor-element elementor-element-ad99bdd elementor-widget elementor-widget-heading\" data-id=\"ad99bdd\" data-element_type=\"widget\" data-widget_type=\"heading.default\">\n\t\t\t\t<div class=\"elementor-widget-container\">\n\t\t\t\t\t<h2 class=\"elementor-heading-title elementor-size-default\">Plan des sentiers pi\u00e9tons<\/h2>\t\t\t\t<\/div>\n\t\t\t\t<\/div>\n\t\t\t\t<div class=\"elementor-element elementor-element-64f7c0e elementor-widget elementor-widget-heading\" data-id=\"64f7c0e\" data-element_type=\"widget\" data-widget_type=\"heading.default\">\n\t\t\t\t<div class=\"elementor-widget-container\">\n\t\t\t\t\t<h2 class=\"elementor-heading-title elementor-size-default\">Meg\u00e8ve<\/h2>\t\t\t\t<\/div>\n\t\t\t\t<\/div>\n\t\t\t\t\t<\/div>\n\t\t<\/div>\n\t\t\t\t\t<\/div>\n\t\t<\/section>\n\t\t<div data-particle_enable=\"false\" data-particle-mobile-disabled=\"false\" class=\"elementor-element elementor-element-9072ae8 e-flex e-con-boxed e-con e-parent\" data-id=\"9072ae8\" data-element_type=\"container\">\n\t\t\t\t\t<div class=\"e-con-inner\">\n\t\t\t\t<div class=\"elementor-element elementor-element-01a4656 elementor-widget elementor-widget-image\" data-id=\"01a4656\" data-element_type=\"widget\" data-widget_type=\"image.default\">\n\t\t\t\t<div class=\"elementor-widget-container\">\n\t\t\t\t\t\t\t\t\t\t\t\t\t\t\t\t<a href=\"https:\/\/www.calameo.com\/read\/0078239511c54d0f47016?page=1\" target=\"_blank\">\n\t\t\t\t\t\t\t<img loading=\"lazy\" decoding=\"async\" width=\"283\" height=\"604\" src=\"https:\/\/forfait.megeve.com\/hiver\/wp-content\/uploads\/sites\/7\/2026\/03\/Couverture-plan-sentiers-pieton.png\" class=\"attachment-large size-large wp-image-16473\" alt=\"\" srcset=\"https:\/\/forfait.megeve.com\/hiver\/wp-content\/uploads\/sites\/7\/2026\/03\/Couverture-plan-sentiers-pieton.png 283w, https:\/\/forfait.megeve.com\/hiver\/wp-content\/uploads\/sites\/7\/2026\/03\/Couverture-plan-sentiers-pieton-141x300.png 141w\" sizes=\"auto, (max-width: 283px) 100vw, 283px\" \/>\t\t\t\t\t\t\t\t<\/a>\n\t\t\t\t\t\t\t\t\t\t\t\t\t\t\t<\/div>\n\t\t\t\t<\/div>\n\t\t\t\t\t<\/div>\n\t\t\t\t<\/div>\n\t\t\t\t<\/div>\n\t\t","protected":false},"excerpt":{"rendered":"<p>Plans Acheter un forfait Plan des pistes en temps r\u00e9el Domaine \u00c9vasion Mont Blanc Plan des pistes Plan des pistes en pdf Plan des domaines Forfait Mont Blanc Unlimited Plan [&hellip;]<\/p>\n","protected":false},"author":3,"featured_media":0,"parent":0,"menu_order":0,"comment_status":"closed","ping_status":"closed","template":"","meta":{"footnotes":""},"class_list":["post-340","page","type-page","status-publish","hentry"],"yoast_head":"<!-- This site is optimized with the Yoast SEO plugin v25.2 - https:\/\/yoast.com\/wordpress\/plugins\/seo\/ -->\n<title>Plan des pistes - Temps r\u00e9el &#8211; Megeve hiver<\/title>\n<meta name=\"robots\" content=\"index, follow, max-snippet:-1, max-image-preview:large, max-video-preview:-1\" \/>\n<link rel=\"canonical\" href=\"https:\/\/forfait.megeve.com\/hiver\/plan-des-pistes-temps-reel\/\" \/>\n<meta property=\"og:locale\" content=\"fr_FR\" \/>\n<meta property=\"og:type\" content=\"article\" \/>\n<meta property=\"og:title\" content=\"Plan des pistes - Temps r\u00e9el &#8211; Megeve hiver\" \/>\n<meta property=\"og:description\" content=\"Plans Acheter un forfait Plan des pistes en temps r\u00e9el Domaine \u00c9vasion Mont Blanc Plan des pistes Plan des pistes en pdf Plan des domaines Forfait Mont Blanc Unlimited Plan [&hellip;]\" \/>\n<meta property=\"og:url\" content=\"https:\/\/forfait.megeve.com\/hiver\/plan-des-pistes-temps-reel\/\" \/>\n<meta property=\"og:site_name\" content=\"Megeve hiver\" \/>\n<meta property=\"article:publisher\" content=\"https:\/\/fr-fr.facebook.com\/megeve\/\" \/>\n<meta property=\"article:modified_time\" content=\"2026-03-17T10:46:39+00:00\" \/>\n<meta property=\"og:image\" content=\"https:\/\/forfait.megeve.com\/hiver\/wp-content\/uploads\/sites\/7\/2026\/03\/map_Hiver_FR.png\" \/>\n\t<meta property=\"og:image:width\" content=\"1951\" \/>\n\t<meta property=\"og:image:height\" content=\"1159\" \/>\n\t<meta property=\"og:image:type\" content=\"image\/png\" \/>\n<meta name=\"twitter:card\" content=\"summary_large_image\" \/>\n<meta name=\"twitter:site\" content=\"@megeve\" \/>\n<meta name=\"twitter:label1\" content=\"Dur\u00e9e de lecture estim\u00e9e\" \/>\n\t<meta name=\"twitter:data1\" content=\"1 minute\" \/>\n<script type=\"application\/ld+json\" class=\"yoast-schema-graph\">{\"@context\":\"https:\/\/schema.org\",\"@graph\":[{\"@type\":\"WebPage\",\"@id\":\"https:\/\/forfait.megeve.com\/hiver\/plan-des-pistes-temps-reel\/\",\"url\":\"https:\/\/forfait.megeve.com\/hiver\/plan-des-pistes-temps-reel\/\",\"name\":\"Plan des pistes - Temps r\u00e9el &#8211; Megeve hiver\",\"isPartOf\":{\"@id\":\"https:\/\/forfait.megeve.com\/hiver\/#website\"},\"primaryImageOfPage\":{\"@id\":\"https:\/\/forfait.megeve.com\/hiver\/plan-des-pistes-temps-reel\/#primaryimage\"},\"image\":{\"@id\":\"https:\/\/forfait.megeve.com\/hiver\/plan-des-pistes-temps-reel\/#primaryimage\"},\"thumbnailUrl\":\"https:\/\/forfait.megeve.com\/hiver\/wp-content\/uploads\/sites\/7\/2026\/03\/map_Hiver_FR-1024x608.png\",\"datePublished\":\"2020-04-03T12:48:11+00:00\",\"dateModified\":\"2026-03-17T10:46:39+00:00\",\"breadcrumb\":{\"@id\":\"https:\/\/forfait.megeve.com\/hiver\/plan-des-pistes-temps-reel\/#breadcrumb\"},\"inLanguage\":\"fr-FR\",\"potentialAction\":[{\"@type\":\"ReadAction\",\"target\":[\"https:\/\/forfait.megeve.com\/hiver\/plan-des-pistes-temps-reel\/\"]}]},{\"@type\":\"ImageObject\",\"inLanguage\":\"fr-FR\",\"@id\":\"https:\/\/forfait.megeve.com\/hiver\/plan-des-pistes-temps-reel\/#primaryimage\",\"url\":\"https:\/\/forfait.megeve.com\/hiver\/wp-content\/uploads\/sites\/7\/2026\/03\/map_Hiver_FR.png\",\"contentUrl\":\"https:\/\/forfait.megeve.com\/hiver\/wp-content\/uploads\/sites\/7\/2026\/03\/map_Hiver_FR.png\",\"width\":1951,\"height\":1159},{\"@type\":\"BreadcrumbList\",\"@id\":\"https:\/\/forfait.megeve.com\/hiver\/plan-des-pistes-temps-reel\/#breadcrumb\",\"itemListElement\":[{\"@type\":\"ListItem\",\"position\":1,\"name\":\"Accueil\",\"item\":\"https:\/\/forfait.megeve.com\/hiver\/\"},{\"@type\":\"ListItem\",\"position\":2,\"name\":\"Plan des pistes &#8211; Temps r\u00e9el\"}]},{\"@type\":\"WebSite\",\"@id\":\"https:\/\/forfait.megeve.com\/hiver\/#website\",\"url\":\"https:\/\/forfait.megeve.com\/hiver\/\",\"name\":\"Meg\u00e8ve hiver\",\"description\":\"Vente en ligne des forfait Meg\u00e8ve\",\"publisher\":{\"@id\":\"https:\/\/forfait.megeve.com\/hiver\/#organization\"},\"potentialAction\":[{\"@type\":\"SearchAction\",\"target\":{\"@type\":\"EntryPoint\",\"urlTemplate\":\"https:\/\/forfait.megeve.com\/hiver\/?s={search_term_string}\"},\"query-input\":{\"@type\":\"PropertyValueSpecification\",\"valueRequired\":true,\"valueName\":\"search_term_string\"}}],\"inLanguage\":\"fr-FR\"},{\"@type\":\"Organization\",\"@id\":\"https:\/\/forfait.megeve.com\/hiver\/#organization\",\"name\":\"Meg\u00e8ve Domaine Skiable\",\"url\":\"https:\/\/forfait.megeve.com\/hiver\/\",\"logo\":{\"@type\":\"ImageObject\",\"inLanguage\":\"fr-FR\",\"@id\":\"https:\/\/forfait.megeve.com\/hiver\/#\/schema\/logo\/image\/\",\"url\":\"https:\/\/forfait.megeve.com\/hiver\/wp-content\/uploads\/sites\/7\/2020\/03\/home.png\",\"contentUrl\":\"https:\/\/forfait.megeve.com\/hiver\/wp-content\/uploads\/sites\/7\/2020\/03\/home.png\",\"width\":830,\"height\":545,\"caption\":\"Meg\u00e8ve Domaine Skiable\"},\"image\":{\"@id\":\"https:\/\/forfait.megeve.com\/hiver\/#\/schema\/logo\/image\/\"},\"sameAs\":[\"https:\/\/fr-fr.facebook.com\/megeve\/\",\"https:\/\/x.com\/megeve\",\"https:\/\/www.instagram.com\/megeve_officiel\/\",\"https:\/\/www.youtube.com\/c\/MegveTourisme74\",\"https:\/\/www.tiktok.com\/@megeve_officiel\"]}]}<\/script>\n<!-- \/ Yoast SEO plugin. -->","yoast_head_json":{"title":"Plan des pistes - Temps r\u00e9el &#8211; Megeve hiver","robots":{"index":"index","follow":"follow","max-snippet":"max-snippet:-1","max-image-preview":"max-image-preview:large","max-video-preview":"max-video-preview:-1"},"canonical":"https:\/\/forfait.megeve.com\/hiver\/plan-des-pistes-temps-reel\/","og_locale":"fr_FR","og_type":"article","og_title":"Plan des pistes - Temps r\u00e9el &#8211; Megeve hiver","og_description":"Plans Acheter un forfait Plan des pistes en temps r\u00e9el Domaine \u00c9vasion Mont Blanc Plan des pistes Plan des pistes en pdf Plan des domaines Forfait Mont Blanc Unlimited Plan [&hellip;]","og_url":"https:\/\/forfait.megeve.com\/hiver\/plan-des-pistes-temps-reel\/","og_site_name":"Megeve hiver","article_publisher":"https:\/\/fr-fr.facebook.com\/megeve\/","article_modified_time":"2026-03-17T10:46:39+00:00","og_image":[{"width":1951,"height":1159,"url":"https:\/\/forfait.megeve.com\/hiver\/wp-content\/uploads\/sites\/7\/2026\/03\/map_Hiver_FR.png","type":"image\/png"}],"twitter_card":"summary_large_image","twitter_site":"@megeve","twitter_misc":{"Dur\u00e9e de lecture estim\u00e9e":"1 minute"},"schema":{"@context":"https:\/\/schema.org","@graph":[{"@type":"WebPage","@id":"https:\/\/forfait.megeve.com\/hiver\/plan-des-pistes-temps-reel\/","url":"https:\/\/forfait.megeve.com\/hiver\/plan-des-pistes-temps-reel\/","name":"Plan des pistes - Temps r\u00e9el &#8211; Megeve hiver","isPartOf":{"@id":"https:\/\/forfait.megeve.com\/hiver\/#website"},"primaryImageOfPage":{"@id":"https:\/\/forfait.megeve.com\/hiver\/plan-des-pistes-temps-reel\/#primaryimage"},"image":{"@id":"https:\/\/forfait.megeve.com\/hiver\/plan-des-pistes-temps-reel\/#primaryimage"},"thumbnailUrl":"https:\/\/forfait.megeve.com\/hiver\/wp-content\/uploads\/sites\/7\/2026\/03\/map_Hiver_FR-1024x608.png","datePublished":"2020-04-03T12:48:11+00:00","dateModified":"2026-03-17T10:46:39+00:00","breadcrumb":{"@id":"https:\/\/forfait.megeve.com\/hiver\/plan-des-pistes-temps-reel\/#breadcrumb"},"inLanguage":"fr-FR","potentialAction":[{"@type":"ReadAction","target":["https:\/\/forfait.megeve.com\/hiver\/plan-des-pistes-temps-reel\/"]}]},{"@type":"ImageObject","inLanguage":"fr-FR","@id":"https:\/\/forfait.megeve.com\/hiver\/plan-des-pistes-temps-reel\/#primaryimage","url":"https:\/\/forfait.megeve.com\/hiver\/wp-content\/uploads\/sites\/7\/2026\/03\/map_Hiver_FR.png","contentUrl":"https:\/\/forfait.megeve.com\/hiver\/wp-content\/uploads\/sites\/7\/2026\/03\/map_Hiver_FR.png","width":1951,"height":1159},{"@type":"BreadcrumbList","@id":"https:\/\/forfait.megeve.com\/hiver\/plan-des-pistes-temps-reel\/#breadcrumb","itemListElement":[{"@type":"ListItem","position":1,"name":"Accueil","item":"https:\/\/forfait.megeve.com\/hiver\/"},{"@type":"ListItem","position":2,"name":"Plan des pistes &#8211; Temps r\u00e9el"}]},{"@type":"WebSite","@id":"https:\/\/forfait.megeve.com\/hiver\/#website","url":"https:\/\/forfait.megeve.com\/hiver\/","name":"Meg\u00e8ve hiver","description":"Vente en ligne des forfait Meg\u00e8ve","publisher":{"@id":"https:\/\/forfait.megeve.com\/hiver\/#organization"},"potentialAction":[{"@type":"SearchAction","target":{"@type":"EntryPoint","urlTemplate":"https:\/\/forfait.megeve.com\/hiver\/?s={search_term_string}"},"query-input":{"@type":"PropertyValueSpecification","valueRequired":true,"valueName":"search_term_string"}}],"inLanguage":"fr-FR"},{"@type":"Organization","@id":"https:\/\/forfait.megeve.com\/hiver\/#organization","name":"Meg\u00e8ve Domaine Skiable","url":"https:\/\/forfait.megeve.com\/hiver\/","logo":{"@type":"ImageObject","inLanguage":"fr-FR","@id":"https:\/\/forfait.megeve.com\/hiver\/#\/schema\/logo\/image\/","url":"https:\/\/forfait.megeve.com\/hiver\/wp-content\/uploads\/sites\/7\/2020\/03\/home.png","contentUrl":"https:\/\/forfait.megeve.com\/hiver\/wp-content\/uploads\/sites\/7\/2020\/03\/home.png","width":830,"height":545,"caption":"Meg\u00e8ve Domaine Skiable"},"image":{"@id":"https:\/\/forfait.megeve.com\/hiver\/#\/schema\/logo\/image\/"},"sameAs":["https:\/\/fr-fr.facebook.com\/megeve\/","https:\/\/x.com\/megeve","https:\/\/www.instagram.com\/megeve_officiel\/","https:\/\/www.youtube.com\/c\/MegveTourisme74","https:\/\/www.tiktok.com\/@megeve_officiel"]}]}},"lang":"fr","translations":{"fr":340,"en":1331},"publishpress_future_action":{"enabled":false,"date":"2026-04-23 11:00:43","action":"change-status","newStatus":"draft","terms":[],"taxonomy":"language"},"publishpress_future_workflow_manual_trigger":{"enabledWorkflows":[]},"pll_sync_post":[],"_links":{"self":[{"href":"https:\/\/forfait.megeve.com\/hiver\/wp-json\/wp\/v2\/pages\/340","targetHints":{"allow":["GET"]}}],"collection":[{"href":"https:\/\/forfait.megeve.com\/hiver\/wp-json\/wp\/v2\/pages"}],"about":[{"href":"https:\/\/forfait.megeve.com\/hiver\/wp-json\/wp\/v2\/types\/page"}],"author":[{"embeddable":true,"href":"https:\/\/forfait.megeve.com\/hiver\/wp-json\/wp\/v2\/users\/3"}],"replies":[{"embeddable":true,"href":"https:\/\/forfait.megeve.com\/hiver\/wp-json\/wp\/v2\/comments?post=340"}],"version-history":[{"count":30,"href":"https:\/\/forfait.megeve.com\/hiver\/wp-json\/wp\/v2\/pages\/340\/revisions"}],"predecessor-version":[{"id":16479,"href":"https:\/\/forfait.megeve.com\/hiver\/wp-json\/wp\/v2\/pages\/340\/revisions\/16479"}],"wp:attachment":[{"href":"https:\/\/forfait.megeve.com\/hiver\/wp-json\/wp\/v2\/media?parent=340"}],"curies":[{"name":"wp","href":"https:\/\/api.w.org\/{rel}","templated":true}]}}