{"id":91,"date":"2020-04-16T10:01:02","date_gmt":"2020-04-16T08:01:02","guid":{"rendered":"https:\/\/forfait.megeve.com\/megeveete\/?page_id=91"},"modified":"2025-07-10T10:49:38","modified_gmt":"2025-07-10T08:49:38","slug":"forfaits-ete","status":"publish","type":"page","link":"https:\/\/forfait.megeve.com\/ete\/forfaits-ete\/","title":{"rendered":"Forfaits \u00e9t\u00e9"},"content":{"rendered":"\t\t<div data-elementor-type=\"wp-page\" data-elementor-id=\"91\" class=\"elementor elementor-91\" data-elementor-post-type=\"page\">\n\t\t\t\t\t\t<section data-particle_enable=\"false\" data-particle-mobile-disabled=\"false\" class=\"elementor-section elementor-top-section elementor-element elementor-element-4f47283 elementor-section-boxed elementor-section-height-default elementor-section-height-default\" data-id=\"4f47283\" data-element_type=\"section\">\n\t\t\t\t\t\t<div class=\"elementor-container elementor-column-gap-default\">\n\t\t\t\t\t<div class=\"elementor-column elementor-col-100 elementor-top-column elementor-element elementor-element-83b5c6a\" data-id=\"83b5c6a\" data-element_type=\"column\">\n\t\t\t<div class=\"elementor-widget-wrap elementor-element-populated\">\n\t\t\t\t\t\t<div class=\"elementor-element elementor-element-ef197e4 elementor-widget elementor-widget-spacer\" data-id=\"ef197e4\" data-element_type=\"widget\" data-widget_type=\"spacer.default\">\n\t\t\t\t<div class=\"elementor-widget-container\">\n\t\t\t\t\t\t\t<div class=\"elementor-spacer\">\n\t\t\t<div class=\"elementor-spacer-inner\"><\/div>\n\t\t<\/div>\n\t\t\t\t\t\t<\/div>\n\t\t\t\t<\/div>\n\t\t\t\t<div class=\"elementor-element elementor-element-e4e9711 elementor-widget elementor-widget-breadcrumbs\" data-id=\"e4e9711\" data-element_type=\"widget\" data-widget_type=\"breadcrumbs.default\">\n\t\t\t\t<div class=\"elementor-widget-container\">\n\t\t\t\t\t<p id=\"breadcrumbs\"><span><span><a href=\"https:\/\/forfait.megeve.com\/ete\/en\/home\/\">Accueil<\/a><\/span><\/span><\/p>\t\t\t\t<\/div>\n\t\t\t\t<\/div>\n\t\t\t\t<div class=\"elementor-element elementor-element-1006083 elementor-widget elementor-widget-heading\" data-id=\"1006083\" data-element_type=\"widget\" data-widget_type=\"heading.default\">\n\t\t\t\t<div class=\"elementor-widget-container\">\n\t\t\t\t\t<h1 class=\"elementor-heading-title elementor-size-default\"><span>Nos<\/span> forfaits \u00e9t\u00e9<\/h1>\t\t\t\t<\/div>\n\t\t\t\t<\/div>\n\t\t\t\t<div class=\"elementor-element elementor-element-d8ca2a5 elementor-widget elementor-widget-spacer\" data-id=\"d8ca2a5\" data-element_type=\"widget\" data-widget_type=\"spacer.default\">\n\t\t\t\t<div class=\"elementor-widget-container\">\n\t\t\t\t\t\t\t<div class=\"elementor-spacer\">\n\t\t\t<div class=\"elementor-spacer-inner\"><\/div>\n\t\t<\/div>\n\t\t\t\t\t\t<\/div>\n\t\t\t\t<\/div>\n\t\t\t\t\t<\/div>\n\t\t<\/div>\n\t\t\t\t\t<\/div>\n\t\t<\/section>\n\t\t\t\t<section data-particle_enable=\"false\" data-particle-mobile-disabled=\"false\" class=\"elementor-section elementor-top-section elementor-element elementor-element-341d2d8 elementor-section-boxed elementor-section-height-default elementor-section-height-default\" data-id=\"341d2d8\" data-element_type=\"section\">\n\t\t\t\t\t\t<div class=\"elementor-container elementor-column-gap-default\">\n\t\t\t\t\t<div class=\"elementor-column elementor-col-100 elementor-top-column elementor-element elementor-element-105d18f\" data-id=\"105d18f\" data-element_type=\"column\">\n\t\t\t<div class=\"elementor-widget-wrap elementor-element-populated\">\n\t\t\t\t\t\t<div class=\"elementor-element elementor-element-59907ef tabForfaits elementor-widget elementor-widget-eael-adv-tabs\" data-id=\"59907ef\" data-element_type=\"widget\" data-widget_type=\"eael-adv-tabs.default\">\n\t\t\t\t<div class=\"elementor-widget-container\">\n\t\t\t\t\t        <div data-scroll-on-click=\"no\" data-scroll-speed=\"300\" id=\"eael-advance-tabs-59907ef\" class=\"eael-advance-tabs eael-tabs-horizontal eael-tab-auto-active \" data-tabid=\"59907ef\">\n            <div class=\"eael-tabs-nav\">\n                <ul class=\"eael-tab-top-icon\" role=\"tablist\">\n                                            <li id=\"billeterie\" class=\" eael-tab-item-trigger eael-tab-nav-item\" aria-selected=\"true\" data-tab=\"1\" role=\"tab\" tabindex=\"0\" aria-controls=\"billeterie-tab\" aria-expanded=\"false\">\n                            \n                                                                <i class=\"fas fa-ticket-alt\"><\/i>                                                            \n                            \n                                                            <span class=\"eael-tab-title title-after-icon\" >billetterie \u00e9t\u00e9<\/span>                                                    <\/li>\n                                            <li id=\"emb\" class=\" eael-tab-item-trigger eael-tab-nav-item\" aria-selected=\"false\" data-tab=\"2\" role=\"tab\" tabindex=\"-1\" aria-controls=\"emb-tab\" aria-expanded=\"false\">\n                            \n                                                                <img decoding=\"async\" src=\"https:\/\/forfait.megeve.com\/ete\/wp-content\/uploads\/sites\/6\/2020\/05\/Groupe-96.png\" alt=\"\">\n                                                            \n                            \n                                                            <span class=\"eael-tab-title title-after-icon\" >Evasion \u00e9t\u00e9 journ\u00e9e<\/span>                                                    <\/li>\n                                            <li id=\"mbm\" class=\" eael-tab-item-trigger eael-tab-nav-item\" aria-selected=\"false\" data-tab=\"3\" role=\"tab\" tabindex=\"-1\" aria-controls=\"mbm-tab\" aria-expanded=\"false\">\n                            \n                                                                <img decoding=\"async\" src=\"https:\/\/forfait.megeve.com\/ete\/wp-content\/uploads\/sites\/6\/2025\/07\/logo-Mont-blanc-multipass_bymegeve_blanc-002.png\" alt=\"\">\n                                                            \n                            \n                                                            <span class=\"eael-tab-title title-after-icon\" >Mont blanc multipass<\/span>                                                    <\/li>\n                                    <\/ul>\n            <\/div>\n            \n            <div class=\"eael-tabs-content\">\n\t\t        \n                    <div id=\"billeterie-tab\" class=\"clearfix eael-tab-content-item \" data-title-link=\"billeterie-tab\">\n\t\t\t\t                            <\/div>\n\t\t        \n                    <div id=\"emb-tab\" class=\"clearfix eael-tab-content-item \" data-title-link=\"emb-tab\">\n\t\t\t\t                            <\/div>\n\t\t        \n                    <div id=\"mbm-tab\" class=\"clearfix eael-tab-content-item \" data-title-link=\"mbm-tab\">\n\t\t\t\t                            <\/div>\n\t\t                    <\/div>\n        <\/div>\n\t\t\t\t<\/div>\n\t\t\t\t<\/div>\n\t\t\t\t\t<\/div>\n\t\t<\/div>\n\t\t\t\t\t<\/div>\n\t\t<\/section>\n\t\t\t\t<section data-particle_enable=\"false\" data-particle-mobile-disabled=\"false\" class=\"elementor-section elementor-top-section elementor-element elementor-element-af732d2 elementor-section-boxed elementor-section-height-default elementor-section-height-default\" data-id=\"af732d2\" data-element_type=\"section\">\n\t\t\t\t\t\t<div class=\"elementor-container elementor-column-gap-default\">\n\t\t\t\t\t<div class=\"elementor-column elementor-col-100 elementor-top-column elementor-element elementor-element-775c9a9\" data-id=\"775c9a9\" data-element_type=\"column\">\n\t\t\t<div class=\"elementor-widget-wrap elementor-element-populated\">\n\t\t\t\t\t\t<div class=\"elementor-element elementor-element-cc52d54 elementor-widget elementor-widget-html\" data-id=\"cc52d54\" data-element_type=\"widget\" data-widget_type=\"html.default\">\n\t\t\t\t<div class=\"elementor-widget-container\">\n\t\t\t\t\t<script>\r\nvar urlHashtag = window.location.hash;\r\nif (urlHashtag) {\r\n\tvar tabs = document.querySelectorAll(\".tabForfaits > .elementor-widget-container > .eael-advance-tabs > .eael-tabs-nav > ul li\");\r\n\tvar liBillet = tabs.item(0);\r\n\tvar liEMB = tabs.item(1);\r\n\tvar liMBM = tabs.item(2);\r\n\tvar tabsContent = document.querySelectorAll(\".tabForfaits > .elementor-widget-container > .eael-advance-tabs > .eael-tabs-content > .clearfix\");\r\n\tvar contBillet = tabsContent.item(0);\r\n\tvar contEMB = tabsContent.item(1);\r\n\tvar contMBM = tabsContent.item(2);\r\n\tif(urlHashtag === \"#emb\"){\r\n\t\tconsole.log(\"emb\");\r\n\t\tconsole.log(liBillet.classList);\r\n\t\tliBillet.classList.remove(\"active-default\");\r\n\t\tcontBillet.classList.remove(\"active-default\");\r\n\t\tliBillet.classList.remove(\"active\");\r\n\t\tcontBillet.classList.remove(\"active\");\r\n\t\tconsole.log(liEMB.classList);\r\n\t\tif(liEMB.classList.contains(\"inactive\")){\r\n\t\t\tliEMB.classList.remove(\"inactive\");\r\n\t\t}\r\n\t\tif(contEMB.classList.contains(\"inactive\")){\r\n\t\t\tcontEMB.classList.remove(\"inactive\");\r\n\t\t}\r\n\t\t\tcontEMB.classList.add(\"active-default\");\r\n\t\t\tliEMB.classList.add(\"active-default\");\r\n\t}\r\n\telse if(urlHashtag === \"#mbm\"){\r\n\t\tconsole.log(\"mbm\");\r\n\t\tliBillet.classList.remove(\"active-default\");\r\n\t\tcontBillet.classList.remove(\"active-default\");\r\n\t\tliBillet.classList.remove(\"active\");\r\n\t\tcontBillet.classList.remove(\"active\");\r\n\t\tif(liMBM.classList.contains(\"inactive\")){\r\n\t\t\tliMBM.classList.remove(\"inactive\");\r\n\t\t}\r\n\t\tif(contMBM.classList.contains(\"inactive\")){\r\n\t\t\tcontMBM.classList.remove(\"inactive\");\r\n\t\t}\r\n\t\t\tcontMBM.classList.add(\"active-default\");\r\n\t\t\tliMBM.classList.add(\"active-default\");\r\n\t}\r\n}\r\n<\/script>\t\t\t\t<\/div>\n\t\t\t\t<\/div>\n\t\t\t\t\t<\/div>\n\t\t<\/div>\n\t\t\t\t\t<\/div>\n\t\t<\/section>\n\t\t\t\t<\/div>\n\t\t","protected":false},"excerpt":{"rendered":"<p>Nos forfaits \u00e9t\u00e9 billetterie \u00e9t\u00e9 Evasion \u00e9t\u00e9 journ\u00e9e Mont blanc multipass BILLETTERIE MEG\u00c8VE \u00c9T\u00c9 Disponible uniquement durant la saison estivale, empruntez les 3 installations de Meg\u00e8ve Domaine Skiable en aller [&hellip;]<\/p>\n","protected":false},"author":3,"featured_media":0,"parent":0,"menu_order":0,"comment_status":"closed","ping_status":"closed","template":"","meta":{"footnotes":""},"class_list":["post-91","page","type-page","status-publish","hentry"],"yoast_head":"<!-- This site is optimized with the Yoast SEO plugin v25.2 - https:\/\/yoast.com\/wordpress\/plugins\/seo\/ -->\n<title>Nos offres de forfaits \u00e9t\u00e9- Remont\u00e9es M\u00e9caniques de Meg\u00e8ve<\/title>\n<meta name=\"description\" content=\"Aller simple, aller retour, forfait Evasion journ\u00e9e, ou encore Mont Blanc Multipass, trouvez le forfait qui correspond \u00e0 votre besoin au meilleur prix !\" \/>\n<meta name=\"robots\" content=\"index, follow, max-snippet:-1, max-image-preview:large, max-video-preview:-1\" \/>\n<link rel=\"canonical\" href=\"https:\/\/forfait.megeve.com\/ete\/forfaits-ete\/\" \/>\n<meta property=\"og:locale\" content=\"fr_FR\" \/>\n<meta property=\"og:type\" content=\"article\" \/>\n<meta property=\"og:title\" content=\"Nos offres de forfaits \u00e9t\u00e9- Remont\u00e9es M\u00e9caniques de Meg\u00e8ve\" \/>\n<meta property=\"og:description\" content=\"Aller simple, aller retour, forfait Evasion journ\u00e9e, ou encore Mont Blanc Multipass, trouvez le forfait qui correspond \u00e0 votre besoin au meilleur prix !\" \/>\n<meta property=\"og:url\" content=\"https:\/\/forfait.megeve.com\/ete\/forfaits-ete\/\" \/>\n<meta property=\"og:site_name\" content=\"Megeve \u00e9t\u00e9\" \/>\n<meta property=\"article:publisher\" content=\"https:\/\/fr-fr.facebook.com\/megeve\/\" \/>\n<meta property=\"article:modified_time\" content=\"2025-07-10T08:49:38+00:00\" \/>\n<meta property=\"og:image\" content=\"https:\/\/forfait.megeve.com\/ete\/wp-content\/uploads\/sites\/6\/2020\/05\/Groupe-96.png\" \/>\n<meta name=\"twitter:card\" content=\"summary_large_image\" \/>\n<meta name=\"twitter:site\" content=\"@megeve\" \/>\n<meta name=\"twitter:label1\" content=\"Dur\u00e9e de lecture estim\u00e9e\" \/>\n\t<meta name=\"twitter:data1\" content=\"11 minutes\" \/>\n<script type=\"application\/ld+json\" class=\"yoast-schema-graph\">{\"@context\":\"https:\/\/schema.org\",\"@graph\":[{\"@type\":\"WebPage\",\"@id\":\"https:\/\/forfait.megeve.com\/ete\/forfaits-ete\/\",\"url\":\"https:\/\/forfait.megeve.com\/ete\/forfaits-ete\/\",\"name\":\"Nos offres de forfaits \u00e9t\u00e9- Remont\u00e9es M\u00e9caniques de Meg\u00e8ve\",\"isPartOf\":{\"@id\":\"https:\/\/forfait.megeve.com\/ete\/#website\"},\"primaryImageOfPage\":{\"@id\":\"https:\/\/forfait.megeve.com\/ete\/forfaits-ete\/#primaryimage\"},\"image\":{\"@id\":\"https:\/\/forfait.megeve.com\/ete\/forfaits-ete\/#primaryimage\"},\"thumbnailUrl\":\"https:\/\/forfait.megeve.com\/ete\/wp-content\/uploads\/sites\/6\/2020\/05\/Groupe-96.png\",\"datePublished\":\"2020-04-16T08:01:02+00:00\",\"dateModified\":\"2025-07-10T08:49:38+00:00\",\"description\":\"Aller simple, aller retour, forfait Evasion journ\u00e9e, ou encore Mont Blanc Multipass, trouvez le forfait qui correspond \u00e0 votre besoin au meilleur prix !\",\"breadcrumb\":{\"@id\":\"https:\/\/forfait.megeve.com\/ete\/forfaits-ete\/#breadcrumb\"},\"inLanguage\":\"fr-FR\",\"potentialAction\":[{\"@type\":\"ReadAction\",\"target\":[\"https:\/\/forfait.megeve.com\/ete\/forfaits-ete\/\"]}]},{\"@type\":\"ImageObject\",\"inLanguage\":\"fr-FR\",\"@id\":\"https:\/\/forfait.megeve.com\/ete\/forfaits-ete\/#primaryimage\",\"url\":\"https:\/\/forfait.megeve.com\/ete\/wp-content\/uploads\/sites\/6\/2020\/05\/Groupe-96.png\",\"contentUrl\":\"https:\/\/forfait.megeve.com\/ete\/wp-content\/uploads\/sites\/6\/2020\/05\/Groupe-96.png\",\"width\":629,\"height\":424},{\"@type\":\"BreadcrumbList\",\"@id\":\"https:\/\/forfait.megeve.com\/ete\/forfaits-ete\/#breadcrumb\",\"itemListElement\":[{\"@type\":\"ListItem\",\"position\":1,\"name\":\"Accueil\",\"item\":\"https:\/\/forfait.megeve.com\/ete\/en\/home\/\"},{\"@type\":\"ListItem\",\"position\":2,\"name\":\"Forfaits \u00e9t\u00e9\"}]},{\"@type\":\"WebSite\",\"@id\":\"https:\/\/forfait.megeve.com\/ete\/#website\",\"url\":\"https:\/\/forfait.megeve.com\/ete\/\",\"name\":\"Meg\u00e8ve ete\",\"description\":\"Megeve \u00e9t\u00e9\",\"publisher\":{\"@id\":\"https:\/\/forfait.megeve.com\/ete\/#organization\"},\"potentialAction\":[{\"@type\":\"SearchAction\",\"target\":{\"@type\":\"EntryPoint\",\"urlTemplate\":\"https:\/\/forfait.megeve.com\/ete\/?s={search_term_string}\"},\"query-input\":{\"@type\":\"PropertyValueSpecification\",\"valueRequired\":true,\"valueName\":\"search_term_string\"}}],\"inLanguage\":\"fr-FR\"},{\"@type\":\"Organization\",\"@id\":\"https:\/\/forfait.megeve.com\/ete\/#organization\",\"name\":\"Meg\u00e8ve\",\"url\":\"https:\/\/forfait.megeve.com\/ete\/\",\"logo\":{\"@type\":\"ImageObject\",\"inLanguage\":\"fr-FR\",\"@id\":\"https:\/\/forfait.megeve.com\/ete\/#\/schema\/logo\/image\/\",\"url\":\"https:\/\/forfait.megeve.com\/ete\/wp-content\/uploads\/sites\/6\/2020\/04\/logo-megeve.png\",\"contentUrl\":\"https:\/\/forfait.megeve.com\/ete\/wp-content\/uploads\/sites\/6\/2020\/04\/logo-megeve.png\",\"width\":830,\"height\":545,\"caption\":\"Meg\u00e8ve\"},\"image\":{\"@id\":\"https:\/\/forfait.megeve.com\/ete\/#\/schema\/logo\/image\/\"},\"sameAs\":[\"https:\/\/fr-fr.facebook.com\/megeve\/\",\"https:\/\/x.com\/megeve\",\"https:\/\/www.instagram.com\/megeve_officiel\/\",\"https:\/\/www.youtube.com\/c\/MegveTourisme74\",\"https:\/\/www.tiktok.com\/@megeve_officiel\"]}]}<\/script>\n<!-- \/ Yoast SEO plugin. -->","yoast_head_json":{"title":"Nos offres de forfaits \u00e9t\u00e9- Remont\u00e9es M\u00e9caniques de Meg\u00e8ve","description":"Aller simple, aller retour, forfait Evasion journ\u00e9e, ou encore Mont Blanc Multipass, trouvez le forfait qui correspond \u00e0 votre besoin au meilleur prix !","robots":{"index":"index","follow":"follow","max-snippet":"max-snippet:-1","max-image-preview":"max-image-preview:large","max-video-preview":"max-video-preview:-1"},"canonical":"https:\/\/forfait.megeve.com\/ete\/forfaits-ete\/","og_locale":"fr_FR","og_type":"article","og_title":"Nos offres de forfaits \u00e9t\u00e9- Remont\u00e9es M\u00e9caniques de Meg\u00e8ve","og_description":"Aller simple, aller retour, forfait Evasion journ\u00e9e, ou encore Mont Blanc Multipass, trouvez le forfait qui correspond \u00e0 votre besoin au meilleur prix !","og_url":"https:\/\/forfait.megeve.com\/ete\/forfaits-ete\/","og_site_name":"Megeve \u00e9t\u00e9","article_publisher":"https:\/\/fr-fr.facebook.com\/megeve\/","article_modified_time":"2025-07-10T08:49:38+00:00","og_image":[{"url":"https:\/\/forfait.megeve.com\/ete\/wp-content\/uploads\/sites\/6\/2020\/05\/Groupe-96.png","type":"","width":"","height":""}],"twitter_card":"summary_large_image","twitter_site":"@megeve","twitter_misc":{"Dur\u00e9e de lecture estim\u00e9e":"11 minutes"},"schema":{"@context":"https:\/\/schema.org","@graph":[{"@type":"WebPage","@id":"https:\/\/forfait.megeve.com\/ete\/forfaits-ete\/","url":"https:\/\/forfait.megeve.com\/ete\/forfaits-ete\/","name":"Nos offres de forfaits \u00e9t\u00e9- Remont\u00e9es M\u00e9caniques de Meg\u00e8ve","isPartOf":{"@id":"https:\/\/forfait.megeve.com\/ete\/#website"},"primaryImageOfPage":{"@id":"https:\/\/forfait.megeve.com\/ete\/forfaits-ete\/#primaryimage"},"image":{"@id":"https:\/\/forfait.megeve.com\/ete\/forfaits-ete\/#primaryimage"},"thumbnailUrl":"https:\/\/forfait.megeve.com\/ete\/wp-content\/uploads\/sites\/6\/2020\/05\/Groupe-96.png","datePublished":"2020-04-16T08:01:02+00:00","dateModified":"2025-07-10T08:49:38+00:00","description":"Aller simple, aller retour, forfait Evasion journ\u00e9e, ou encore Mont Blanc Multipass, trouvez le forfait qui correspond \u00e0 votre besoin au meilleur prix !","breadcrumb":{"@id":"https:\/\/forfait.megeve.com\/ete\/forfaits-ete\/#breadcrumb"},"inLanguage":"fr-FR","potentialAction":[{"@type":"ReadAction","target":["https:\/\/forfait.megeve.com\/ete\/forfaits-ete\/"]}]},{"@type":"ImageObject","inLanguage":"fr-FR","@id":"https:\/\/forfait.megeve.com\/ete\/forfaits-ete\/#primaryimage","url":"https:\/\/forfait.megeve.com\/ete\/wp-content\/uploads\/sites\/6\/2020\/05\/Groupe-96.png","contentUrl":"https:\/\/forfait.megeve.com\/ete\/wp-content\/uploads\/sites\/6\/2020\/05\/Groupe-96.png","width":629,"height":424},{"@type":"BreadcrumbList","@id":"https:\/\/forfait.megeve.com\/ete\/forfaits-ete\/#breadcrumb","itemListElement":[{"@type":"ListItem","position":1,"name":"Accueil","item":"https:\/\/forfait.megeve.com\/ete\/en\/home\/"},{"@type":"ListItem","position":2,"name":"Forfaits \u00e9t\u00e9"}]},{"@type":"WebSite","@id":"https:\/\/forfait.megeve.com\/ete\/#website","url":"https:\/\/forfait.megeve.com\/ete\/","name":"Meg\u00e8ve ete","description":"Megeve \u00e9t\u00e9","publisher":{"@id":"https:\/\/forfait.megeve.com\/ete\/#organization"},"potentialAction":[{"@type":"SearchAction","target":{"@type":"EntryPoint","urlTemplate":"https:\/\/forfait.megeve.com\/ete\/?s={search_term_string}"},"query-input":{"@type":"PropertyValueSpecification","valueRequired":true,"valueName":"search_term_string"}}],"inLanguage":"fr-FR"},{"@type":"Organization","@id":"https:\/\/forfait.megeve.com\/ete\/#organization","name":"Meg\u00e8ve","url":"https:\/\/forfait.megeve.com\/ete\/","logo":{"@type":"ImageObject","inLanguage":"fr-FR","@id":"https:\/\/forfait.megeve.com\/ete\/#\/schema\/logo\/image\/","url":"https:\/\/forfait.megeve.com\/ete\/wp-content\/uploads\/sites\/6\/2020\/04\/logo-megeve.png","contentUrl":"https:\/\/forfait.megeve.com\/ete\/wp-content\/uploads\/sites\/6\/2020\/04\/logo-megeve.png","width":830,"height":545,"caption":"Meg\u00e8ve"},"image":{"@id":"https:\/\/forfait.megeve.com\/ete\/#\/schema\/logo\/image\/"},"sameAs":["https:\/\/fr-fr.facebook.com\/megeve\/","https:\/\/x.com\/megeve","https:\/\/www.instagram.com\/megeve_officiel\/","https:\/\/www.youtube.com\/c\/MegveTourisme74","https:\/\/www.tiktok.com\/@megeve_officiel"]}]}},"lang":"fr","translations":{"fr":91,"en":373},"publishpress_future_action":{"enabled":false,"date":"2026-04-22 11:22:45","action":"change-status","newStatus":"draft","terms":[],"taxonomy":"language"},"publishpress_future_workflow_manual_trigger":{"enabledWorkflows":[]},"pll_sync_post":[],"_links":{"self":[{"href":"https:\/\/forfait.megeve.com\/ete\/wp-json\/wp\/v2\/pages\/91","targetHints":{"allow":["GET"]}}],"collection":[{"href":"https:\/\/forfait.megeve.com\/ete\/wp-json\/wp\/v2\/pages"}],"about":[{"href":"https:\/\/forfait.megeve.com\/ete\/wp-json\/wp\/v2\/types\/page"}],"author":[{"embeddable":true,"href":"https:\/\/forfait.megeve.com\/ete\/wp-json\/wp\/v2\/users\/3"}],"replies":[{"embeddable":true,"href":"https:\/\/forfait.megeve.com\/ete\/wp-json\/wp\/v2\/comments?post=91"}],"version-history":[{"count":30,"href":"https:\/\/forfait.megeve.com\/ete\/wp-json\/wp\/v2\/pages\/91\/revisions"}],"predecessor-version":[{"id":4733,"href":"https:\/\/forfait.megeve.com\/ete\/wp-json\/wp\/v2\/pages\/91\/revisions\/4733"}],"wp:attachment":[{"href":"https:\/\/forfait.megeve.com\/ete\/wp-json\/wp\/v2\/media?parent=91"}],"curies":[{"name":"wp","href":"https:\/\/api.w.org\/{rel}","templated":true}]}}