{"id":209,"date":"2020-05-28T14:00:12","date_gmt":"2020-05-28T12:00:12","guid":{"rendered":"https:\/\/forfait.megeve.com\/megeveete\/?page_id=209"},"modified":"2025-06-20T08:33:26","modified_gmt":"2025-06-20T06:33:26","slug":"contact","status":"publish","type":"page","link":"https:\/\/forfait.megeve.com\/ete\/contact\/","title":{"rendered":"Contact"},"content":{"rendered":"\t\t<div data-elementor-type=\"wp-page\" data-elementor-id=\"209\" class=\"elementor elementor-209\" data-elementor-post-type=\"page\">\n\t\t\t\t\t\t<section data-particle_enable=\"false\" data-particle-mobile-disabled=\"false\" class=\"elementor-section elementor-top-section elementor-element elementor-element-bce3ab2 elementor-section-content-middle elementor-section-boxed elementor-section-height-default elementor-section-height-default\" data-id=\"bce3ab2\" data-element_type=\"section\">\n\t\t\t\t\t\t<div class=\"elementor-container elementor-column-gap-default\">\n\t\t\t\t\t<div class=\"elementor-column elementor-col-100 elementor-top-column elementor-element elementor-element-10b3e87\" data-id=\"10b3e87\" data-element_type=\"column\">\n\t\t\t<div class=\"elementor-widget-wrap elementor-element-populated\">\n\t\t\t\t\t\t<div class=\"elementor-element elementor-element-a52cb41 elementor-widget elementor-widget-spacer\" data-id=\"a52cb41\" data-element_type=\"widget\" data-widget_type=\"spacer.default\">\n\t\t\t\t<div class=\"elementor-widget-container\">\n\t\t\t\t\t\t\t<div class=\"elementor-spacer\">\n\t\t\t<div class=\"elementor-spacer-inner\"><\/div>\n\t\t<\/div>\n\t\t\t\t\t\t<\/div>\n\t\t\t\t<\/div>\n\t\t\t\t<div class=\"elementor-element elementor-element-7aa3239 elementor-widget elementor-widget-breadcrumbs\" data-id=\"7aa3239\" data-element_type=\"widget\" data-widget_type=\"breadcrumbs.default\">\n\t\t\t\t<div class=\"elementor-widget-container\">\n\t\t\t\t\t<p id=\"breadcrumbs\"><span><span><a href=\"https:\/\/forfait.megeve.com\/ete\/en\/home\/\">Accueil<\/a><\/span><\/span><\/p>\t\t\t\t<\/div>\n\t\t\t\t<\/div>\n\t\t\t\t<div class=\"elementor-element elementor-element-4bb84d2 elementor-widget elementor-widget-heading\" data-id=\"4bb84d2\" data-element_type=\"widget\" data-widget_type=\"heading.default\">\n\t\t\t\t<div class=\"elementor-widget-container\">\n\t\t\t\t\t<h1 class=\"elementor-heading-title elementor-size-default\"><span class=\"weightNormal\">Fiche<\/span> \u00e9coute <span class=\"weightNormal\">client<\/span> <\/h1>\t\t\t\t<\/div>\n\t\t\t\t<\/div>\n\t\t\t\t<div class=\"elementor-element elementor-element-05fdefd elementor-widget elementor-widget-spacer\" data-id=\"05fdefd\" data-element_type=\"widget\" data-widget_type=\"spacer.default\">\n\t\t\t\t<div class=\"elementor-widget-container\">\n\t\t\t\t\t\t\t<div class=\"elementor-spacer\">\n\t\t\t<div class=\"elementor-spacer-inner\"><\/div>\n\t\t<\/div>\n\t\t\t\t\t\t<\/div>\n\t\t\t\t<\/div>\n\t\t\t\t\t<\/div>\n\t\t<\/div>\n\t\t\t\t\t<\/div>\n\t\t<\/section>\n\t\t\t\t<section data-particle_enable=\"false\" data-particle-mobile-disabled=\"false\" class=\"elementor-section elementor-top-section elementor-element elementor-element-f69331f elementor-section-boxed elementor-section-height-default elementor-section-height-default\" data-id=\"f69331f\" data-element_type=\"section\">\n\t\t\t\t\t\t<div class=\"elementor-container elementor-column-gap-default\">\n\t\t\t\t\t<div class=\"elementor-column elementor-col-50 elementor-top-column elementor-element elementor-element-48ef276\" data-id=\"48ef276\" data-element_type=\"column\">\n\t\t\t<div class=\"elementor-widget-wrap elementor-element-populated\">\n\t\t\t\t\t\t<div class=\"elementor-element elementor-element-4f1a71e elementor-widget elementor-widget-parf\" data-id=\"4f1a71e\" data-element_type=\"widget\" data-widget_type=\"parf.default\">\n\t\t\t\t<div class=\"elementor-widget-container\">\n\t\t\t\t\t\t\t<div>\r\n\t\t\t<parf-element \r\n\t\t\t\tclass=\"ete \" \r\n\t\t\t\tidModule=\"\" \r\n\t\t\t\tportail=\"396\" \r\n\t\t\t\tdomaineName=\"https:\/\/service.megeve.com\/\" \r\n\t\t\t\tlangue=\"FR\"\r\n\t\t\t\tversion=\"ete\"\r\n\t\t\t\tAttReq=\"1\"\r\n\t\t\t\t\t\t\t\t\t\t\t\t\t\t\t\t\t\t\t\t>\r\n\t\t\t<\/parf-element>\r\n\t\t<\/div>\r\n\t\t\t\t\t\t<\/div>\n\t\t\t\t<\/div>\n\t\t\t\t<div class=\"elementor-element elementor-element-5b060c0 elementor-widget elementor-widget-button\" data-id=\"5b060c0\" data-element_type=\"widget\" data-widget_type=\"button.default\">\n\t\t\t\t<div class=\"elementor-widget-container\">\n\t\t\t\t\t\t\t\t\t<div class=\"elementor-button-wrapper\">\n\t\t\t\t\t<a class=\"elementor-button elementor-button-link elementor-size-sm\" href=\"https:\/\/forfait.megeve.com\/hiver\/objet-perdu\/\">\n\t\t\t\t\t\t<span class=\"elementor-button-content-wrapper\">\n\t\t\t\t\t\t\t\t\t<span class=\"elementor-button-text\">VOUS AVEZ PERDU UN OBJET<\/span>\n\t\t\t\t\t<\/span>\n\t\t\t\t\t<\/a>\n\t\t\t\t<\/div>\n\t\t\t\t\t\t\t\t<\/div>\n\t\t\t\t<\/div>\n\t\t\t\t<div class=\"elementor-element elementor-element-90c39d2 elementor-widget elementor-widget-spacer\" data-id=\"90c39d2\" data-element_type=\"widget\" data-widget_type=\"spacer.default\">\n\t\t\t\t<div class=\"elementor-widget-container\">\n\t\t\t\t\t\t\t<div class=\"elementor-spacer\">\n\t\t\t<div class=\"elementor-spacer-inner\"><\/div>\n\t\t<\/div>\n\t\t\t\t\t\t<\/div>\n\t\t\t\t<\/div>\n\t\t\t\t\t<\/div>\n\t\t<\/div>\n\t\t\t\t<div class=\"elementor-column elementor-col-50 elementor-top-column elementor-element elementor-element-1f78f93\" data-id=\"1f78f93\" data-element_type=\"column\">\n\t\t\t<div class=\"elementor-widget-wrap\">\n\t\t\t\t\t\t\t<\/div>\n\t\t<\/div>\n\t\t\t\t\t<\/div>\n\t\t<\/section>\n\t\t\t\t<section data-particle_enable=\"false\" data-particle-mobile-disabled=\"false\" class=\"elementor-section elementor-top-section elementor-element elementor-element-0d3c1b2 elementor-section-boxed elementor-section-height-default elementor-section-height-default\" data-id=\"0d3c1b2\" data-element_type=\"section\">\n\t\t\t\t\t\t<div class=\"elementor-container elementor-column-gap-default\">\n\t\t\t\t\t<div class=\"elementor-column elementor-col-100 elementor-top-column elementor-element elementor-element-d3d0dda\" data-id=\"d3d0dda\" data-element_type=\"column\">\n\t\t\t<div class=\"elementor-widget-wrap elementor-element-populated\">\n\t\t\t\t\t\t<div class=\"elementor-element elementor-element-e89ba5b elementor-widget elementor-widget-text-editor\" data-id=\"e89ba5b\" data-element_type=\"widget\" data-widget_type=\"text-editor.default\">\n\t\t\t\t<div class=\"elementor-widget-container\">\n\t\t\t\t\t\t\t\t\t<p><strong>REMONTEES MECANIQUES DE MEGEVE<\/strong><\/p>\n<p>220 route du t\u00e9l\u00e9ph\u00e9rique de Rochebrune<\/p>\n<p>74120 MEGEVE \u2013 France<\/p>\n<p><\/p>\n<p><strong>Informations :<\/strong><\/p>\n<p>Contactez notre hotline : +33 (0)4 50 21 57 10<br>du lundi au vendredi de 9h \u00e0 12h et de 14h \u00e0 16h30<\/p>\n<p><\/p>\n<p>ou envoyez-nous un mail via le formulaire de contact ci-dessous<\/p>\n<p><\/p>\t\t\t\t\t\t\t\t<\/div>\n\t\t\t\t<\/div>\n\t\t\t\t<div class=\"elementor-element elementor-element-0132e74 elementor-align-left elementor-widget elementor-widget-button\" data-id=\"0132e74\" data-element_type=\"widget\" data-widget_type=\"button.default\">\n\t\t\t\t<div class=\"elementor-widget-container\">\n\t\t\t\t\t\t\t\t\t<div class=\"elementor-button-wrapper\">\n\t\t\t\t\t<a class=\"elementor-button elementor-button-link elementor-size-sm\" href=\"\/ete\/faq\/\">\n\t\t\t\t\t\t<span class=\"elementor-button-content-wrapper\">\n\t\t\t\t\t\t\t\t\t<span class=\"elementor-button-text\">Consultez notre foire aux questions !<\/span>\n\t\t\t\t\t<\/span>\n\t\t\t\t\t<\/a>\n\t\t\t\t<\/div>\n\t\t\t\t\t\t\t\t<\/div>\n\t\t\t\t<\/div>\n\t\t\t\t<div class=\"elementor-element elementor-element-15ab2cd elementor-widget elementor-widget-spacer\" data-id=\"15ab2cd\" data-element_type=\"widget\" data-widget_type=\"spacer.default\">\n\t\t\t\t<div class=\"elementor-widget-container\">\n\t\t\t\t\t\t\t<div class=\"elementor-spacer\">\n\t\t\t<div class=\"elementor-spacer-inner\"><\/div>\n\t\t<\/div>\n\t\t\t\t\t\t<\/div>\n\t\t\t\t<\/div>\n\t\t\t\t<div class=\"elementor-element elementor-element-4e6b4d2 elementor-widget elementor-widget-text-editor\" data-id=\"4e6b4d2\" data-element_type=\"widget\" data-widget_type=\"text-editor.default\">\n\t\t\t\t<div class=\"elementor-widget-container\">\n\t\t\t\t\t\t\t\t\t<p>Les informations recueillies sur ce formulaire sont destin\u00e9es \u00e0 la gestion de la relation commerciale. Elles sont conserv\u00e9es au maximum 3 ans et sont exclusivement destin\u00e9es aux remont\u00e9es m\u00e9caniques de Meg\u00e8ve.<\/p><p>Conform\u00e9ment \u00e0 la l\u00e9gislation \u00ab informatique et Libert\u00e9 \u00bb vous disposez sur vos donn\u00e9es des droits d\u2019acc\u00e8s, droit de rectification, droit \u00e0 l\u2019effacement, droit d\u2019opposition, droit \u00e0 la limitation du traitement, droit \u00e0 la portabilit\u00e9.<\/p><p>Pour exercer vos droits, merci de contacter le service client \u00e0 l\u2019adresse : <b>info@ski.megeve.com<\/b><\/p>\t\t\t\t\t\t\t\t<\/div>\n\t\t\t\t<\/div>\n\t\t\t\t\t<\/div>\n\t\t<\/div>\n\t\t\t\t\t<\/div>\n\t\t<\/section>\n\t\t\t\t<\/div>\n\t\t","protected":false},"excerpt":{"rendered":"<p>Fiche \u00e9coute client VOUS AVEZ PERDU UN OBJET REMONTEES MECANIQUES DE MEGEVE 220 route du t\u00e9l\u00e9ph\u00e9rique de Rochebrune 74120 MEGEVE \u2013 France Informations : Contactez notre hotline : +33 (0)4 [&hellip;]<\/p>\n","protected":false},"author":3,"featured_media":0,"parent":0,"menu_order":0,"comment_status":"closed","ping_status":"closed","template":"","meta":{"footnotes":""},"class_list":["post-209","page","type-page","status-publish","hentry"],"yoast_head":"<!-- This site is optimized with the Yoast SEO plugin v25.2 - https:\/\/yoast.com\/wordpress\/plugins\/seo\/ -->\n<title>Contact - Megeve \u00e9t\u00e9<\/title>\n<meta name=\"robots\" content=\"index, follow, max-snippet:-1, max-image-preview:large, max-video-preview:-1\" \/>\n<link rel=\"canonical\" href=\"https:\/\/forfait.megeve.com\/ete\/contact\/\" \/>\n<meta property=\"og:locale\" content=\"fr_FR\" \/>\n<meta property=\"og:type\" content=\"article\" \/>\n<meta property=\"og:title\" content=\"Contact - Megeve \u00e9t\u00e9\" \/>\n<meta property=\"og:description\" content=\"Fiche \u00e9coute client VOUS AVEZ PERDU UN OBJET REMONTEES MECANIQUES DE MEGEVE 220 route du t\u00e9l\u00e9ph\u00e9rique de Rochebrune 74120 MEGEVE \u2013 France Informations : Contactez notre hotline : +33 (0)4 [&hellip;]\" \/>\n<meta property=\"og:url\" content=\"https:\/\/forfait.megeve.com\/ete\/contact\/\" \/>\n<meta property=\"og:site_name\" content=\"Megeve \u00e9t\u00e9\" \/>\n<meta property=\"article:publisher\" content=\"https:\/\/fr-fr.facebook.com\/megeve\/\" \/>\n<meta property=\"article:modified_time\" content=\"2025-06-20T06:33:26+00:00\" \/>\n<meta name=\"twitter:card\" content=\"summary_large_image\" \/>\n<meta name=\"twitter:site\" content=\"@megeve\" \/>\n<meta name=\"twitter:label1\" content=\"Dur\u00e9e de lecture estim\u00e9e\" \/>\n\t<meta name=\"twitter:data1\" content=\"1 minute\" \/>\n<script type=\"application\/ld+json\" class=\"yoast-schema-graph\">{\"@context\":\"https:\/\/schema.org\",\"@graph\":[{\"@type\":\"WebPage\",\"@id\":\"https:\/\/forfait.megeve.com\/ete\/contact\/\",\"url\":\"https:\/\/forfait.megeve.com\/ete\/contact\/\",\"name\":\"Contact - Megeve \u00e9t\u00e9\",\"isPartOf\":{\"@id\":\"https:\/\/forfait.megeve.com\/ete\/#website\"},\"datePublished\":\"2020-05-28T12:00:12+00:00\",\"dateModified\":\"2025-06-20T06:33:26+00:00\",\"breadcrumb\":{\"@id\":\"https:\/\/forfait.megeve.com\/ete\/contact\/#breadcrumb\"},\"inLanguage\":\"fr-FR\",\"potentialAction\":[{\"@type\":\"ReadAction\",\"target\":[\"https:\/\/forfait.megeve.com\/ete\/contact\/\"]}]},{\"@type\":\"BreadcrumbList\",\"@id\":\"https:\/\/forfait.megeve.com\/ete\/contact\/#breadcrumb\",\"itemListElement\":[{\"@type\":\"ListItem\",\"position\":1,\"name\":\"Accueil\",\"item\":\"https:\/\/forfait.megeve.com\/ete\/en\/home\/\"},{\"@type\":\"ListItem\",\"position\":2,\"name\":\"Contact\"}]},{\"@type\":\"WebSite\",\"@id\":\"https:\/\/forfait.megeve.com\/ete\/#website\",\"url\":\"https:\/\/forfait.megeve.com\/ete\/\",\"name\":\"Meg\u00e8ve ete\",\"description\":\"Megeve \u00e9t\u00e9\",\"publisher\":{\"@id\":\"https:\/\/forfait.megeve.com\/ete\/#organization\"},\"potentialAction\":[{\"@type\":\"SearchAction\",\"target\":{\"@type\":\"EntryPoint\",\"urlTemplate\":\"https:\/\/forfait.megeve.com\/ete\/?s={search_term_string}\"},\"query-input\":{\"@type\":\"PropertyValueSpecification\",\"valueRequired\":true,\"valueName\":\"search_term_string\"}}],\"inLanguage\":\"fr-FR\"},{\"@type\":\"Organization\",\"@id\":\"https:\/\/forfait.megeve.com\/ete\/#organization\",\"name\":\"Meg\u00e8ve\",\"url\":\"https:\/\/forfait.megeve.com\/ete\/\",\"logo\":{\"@type\":\"ImageObject\",\"inLanguage\":\"fr-FR\",\"@id\":\"https:\/\/forfait.megeve.com\/ete\/#\/schema\/logo\/image\/\",\"url\":\"https:\/\/forfait.megeve.com\/ete\/wp-content\/uploads\/sites\/6\/2020\/04\/logo-megeve.png\",\"contentUrl\":\"https:\/\/forfait.megeve.com\/ete\/wp-content\/uploads\/sites\/6\/2020\/04\/logo-megeve.png\",\"width\":830,\"height\":545,\"caption\":\"Meg\u00e8ve\"},\"image\":{\"@id\":\"https:\/\/forfait.megeve.com\/ete\/#\/schema\/logo\/image\/\"},\"sameAs\":[\"https:\/\/fr-fr.facebook.com\/megeve\/\",\"https:\/\/x.com\/megeve\",\"https:\/\/www.instagram.com\/megeve_officiel\/\",\"https:\/\/www.youtube.com\/c\/MegveTourisme74\",\"https:\/\/www.tiktok.com\/@megeve_officiel\"]}]}<\/script>\n<!-- \/ Yoast SEO plugin. -->","yoast_head_json":{"title":"Contact - Megeve \u00e9t\u00e9","robots":{"index":"index","follow":"follow","max-snippet":"max-snippet:-1","max-image-preview":"max-image-preview:large","max-video-preview":"max-video-preview:-1"},"canonical":"https:\/\/forfait.megeve.com\/ete\/contact\/","og_locale":"fr_FR","og_type":"article","og_title":"Contact - Megeve \u00e9t\u00e9","og_description":"Fiche \u00e9coute client VOUS AVEZ PERDU UN OBJET REMONTEES MECANIQUES DE MEGEVE 220 route du t\u00e9l\u00e9ph\u00e9rique de Rochebrune 74120 MEGEVE \u2013 France Informations : Contactez notre hotline : +33 (0)4 [&hellip;]","og_url":"https:\/\/forfait.megeve.com\/ete\/contact\/","og_site_name":"Megeve \u00e9t\u00e9","article_publisher":"https:\/\/fr-fr.facebook.com\/megeve\/","article_modified_time":"2025-06-20T06:33:26+00:00","twitter_card":"summary_large_image","twitter_site":"@megeve","twitter_misc":{"Dur\u00e9e de lecture estim\u00e9e":"1 minute"},"schema":{"@context":"https:\/\/schema.org","@graph":[{"@type":"WebPage","@id":"https:\/\/forfait.megeve.com\/ete\/contact\/","url":"https:\/\/forfait.megeve.com\/ete\/contact\/","name":"Contact - Megeve \u00e9t\u00e9","isPartOf":{"@id":"https:\/\/forfait.megeve.com\/ete\/#website"},"datePublished":"2020-05-28T12:00:12+00:00","dateModified":"2025-06-20T06:33:26+00:00","breadcrumb":{"@id":"https:\/\/forfait.megeve.com\/ete\/contact\/#breadcrumb"},"inLanguage":"fr-FR","potentialAction":[{"@type":"ReadAction","target":["https:\/\/forfait.megeve.com\/ete\/contact\/"]}]},{"@type":"BreadcrumbList","@id":"https:\/\/forfait.megeve.com\/ete\/contact\/#breadcrumb","itemListElement":[{"@type":"ListItem","position":1,"name":"Accueil","item":"https:\/\/forfait.megeve.com\/ete\/en\/home\/"},{"@type":"ListItem","position":2,"name":"Contact"}]},{"@type":"WebSite","@id":"https:\/\/forfait.megeve.com\/ete\/#website","url":"https:\/\/forfait.megeve.com\/ete\/","name":"Meg\u00e8ve ete","description":"Megeve \u00e9t\u00e9","publisher":{"@id":"https:\/\/forfait.megeve.com\/ete\/#organization"},"potentialAction":[{"@type":"SearchAction","target":{"@type":"EntryPoint","urlTemplate":"https:\/\/forfait.megeve.com\/ete\/?s={search_term_string}"},"query-input":{"@type":"PropertyValueSpecification","valueRequired":true,"valueName":"search_term_string"}}],"inLanguage":"fr-FR"},{"@type":"Organization","@id":"https:\/\/forfait.megeve.com\/ete\/#organization","name":"Meg\u00e8ve","url":"https:\/\/forfait.megeve.com\/ete\/","logo":{"@type":"ImageObject","inLanguage":"fr-FR","@id":"https:\/\/forfait.megeve.com\/ete\/#\/schema\/logo\/image\/","url":"https:\/\/forfait.megeve.com\/ete\/wp-content\/uploads\/sites\/6\/2020\/04\/logo-megeve.png","contentUrl":"https:\/\/forfait.megeve.com\/ete\/wp-content\/uploads\/sites\/6\/2020\/04\/logo-megeve.png","width":830,"height":545,"caption":"Meg\u00e8ve"},"image":{"@id":"https:\/\/forfait.megeve.com\/ete\/#\/schema\/logo\/image\/"},"sameAs":["https:\/\/fr-fr.facebook.com\/megeve\/","https:\/\/x.com\/megeve","https:\/\/www.instagram.com\/megeve_officiel\/","https:\/\/www.youtube.com\/c\/MegveTourisme74","https:\/\/www.tiktok.com\/@megeve_officiel"]}]}},"lang":"fr","translations":{"fr":209,"en":356},"publishpress_future_action":{"enabled":false,"date":"2026-04-22 23:49:17","action":"change-status","newStatus":"draft","terms":[],"taxonomy":"language"},"publishpress_future_workflow_manual_trigger":{"enabledWorkflows":[]},"pll_sync_post":[],"_links":{"self":[{"href":"https:\/\/forfait.megeve.com\/ete\/wp-json\/wp\/v2\/pages\/209","targetHints":{"allow":["GET"]}}],"collection":[{"href":"https:\/\/forfait.megeve.com\/ete\/wp-json\/wp\/v2\/pages"}],"about":[{"href":"https:\/\/forfait.megeve.com\/ete\/wp-json\/wp\/v2\/types\/page"}],"author":[{"embeddable":true,"href":"https:\/\/forfait.megeve.com\/ete\/wp-json\/wp\/v2\/users\/3"}],"replies":[{"embeddable":true,"href":"https:\/\/forfait.megeve.com\/ete\/wp-json\/wp\/v2\/comments?post=209"}],"version-history":[{"count":30,"href":"https:\/\/forfait.megeve.com\/ete\/wp-json\/wp\/v2\/pages\/209\/revisions"}],"predecessor-version":[{"id":4606,"href":"https:\/\/forfait.megeve.com\/ete\/wp-json\/wp\/v2\/pages\/209\/revisions\/4606"}],"wp:attachment":[{"href":"https:\/\/forfait.megeve.com\/ete\/wp-json\/wp\/v2\/media?parent=209"}],"curies":[{"name":"wp","href":"https:\/\/api.w.org\/{rel}","templated":true}]}}